{"id":6242,"date":"2022-06-07T09:35:34","date_gmt":"2022-06-07T09:35:34","guid":{"rendered":"https:\/\/we-bioenergy.com\/kontakt\/beratung\/"},"modified":"2024-04-29T14:03:27","modified_gmt":"2024-04-29T14:03:27","slug":"konsultacje","status":"publish","type":"page","link":"https:\/\/we-bioenergy.com\/pl\/kontakt\/konsultacje\/","title":{"rendered":"Konsultacje"},"content":{"rendered":"<div class=\"wpb-content-wrapper\"><p>[vc_section el_class=&#8221;entrenco-header-section&#8221; el_id=&#8221;entrenco-header-section&#8221;][vc_row full_width=&#8221;stretch_row&#8221; kd_background_image_position=&#8221;vc_row-bg-position-top&#8221; css=&#8221;.vc_custom_1691657179237{padding-bottom: 25px !important;}&#8221; css_mobile=&#8221;.vc_custom_1691657179238{padding-top: 60px !important;}&#8221;][vc_column css=&#8221;.vc_custom_1692286362031{margin-top: 90px !important;}&#8221; css_tablet_portrait=&#8221;.vc_custom_1692286362032{margin-top: 60px !important;}&#8221; css_mobile=&#8221;.vc_custom_1692286362032{margin-top: 30px !important;}&#8221;]<header class=\"kd-section-title col-lg-12 text-left  subtitle-below-title   \" ><h1 class=\"separator_off\" >Konsultacje indywidualne<\/h1><h6 class=\"subtitle\" style=\"color: #000000;\">Masz pytania albo nie wiesz od czego zacz\u0105\u0107?<br \/>\nOferujemy bezp\u0142atn\u0105 15-minutow\u0105 konsultacj\u0119 na temat elektrociep\u0142owni na biomas\u0119. Wystarczy, \u017ce wype\u0142nisz formularz i wybierzesz odpowiedni termin. Skontaktujemy si\u0119 z Tob\u0105 telefonicznie w wybranym przez Ciebie terminie.<\/h6><\/header><a  href=\"https:\/\/we-bioenergy.com\/pl\/kontakt\/\"  target=\"_self\"  title=\"Kontakt\"  class=\"tt_button tt_secondary_button btn_primary_color  btn-align-left button-action-link icon_left\" ><span class=\"fas fa-angle-left iconita\" ><\/span><span class=\"prim_text\">Powr\u00f3t<\/span><\/a>[\/vc_column][\/vc_row][vc_row kd_background_image_position=&#8221;vc_row-bg-position-top&#8221; css_mobile=&#8221;.vc_custom_1692286373073{margin-top: 30px !important;}&#8221;][vc_column][vc_raw_html]JTNDJTIxLS0lMjBDYWxlbmRseSUyMElubGluZS1XaWRnZXQlMjBCZWdpbm4lMjAtLSUzRSUwQSUzQ2RpdiUyMGNsYXNzJTNEJTIyY2FsZW5kbHktaW5saW5lLXdpZGdldCUyMiUyMGRhdGEtdXJsJTNEJTIyaHR0cHMlM0ElMkYlMkZjYWxlbmRseS5jb20lMkZtLXp3ZWltdWVsbGVyJTJGMTVtaW4lMjIlMjBzdHlsZSUzRCUyMm1pbi13aWR0aCUzQTMyMHB4JTNCaGVpZ2h0JTNBNzAwcHglM0IlMjIlM0UlM0MlMkZkaXYlM0UlMEElM0NzY3JpcHQlMjB0eXBlJTNEJTIydGV4dCUyRmphdmFzY3JpcHQlMjIlMjBzcmMlM0QlMjJodHRwcyUzQSUyRiUyRmFzc2V0cy5jYWxlbmRseS5jb20lMkZhc3NldHMlMkZleHRlcm5hbCUyRndpZGdldC5qcyUyMiUyMGFzeW5jJTNFJTNDJTJGc2NyaXB0JTNFJTBBJTNDJTIxLS0lMjBDYWxlbmRseSUyMElubGluZS1XaWRnZXQlMjBFbmRlJTIwLS0lM0U=[\/vc_raw_html][\/vc_column][\/vc_row][\/vc_section]<\/p>\n<\/div>","protected":false},"excerpt":{"rendered":"<p>[vc_section el_class=&#8221;entrenco-header-section&#8221; el_id=&#8221;entrenco-header-section&#8221;][vc_row full_width=&#8221;stretch_row&#8221; kd_background_image_position=&#8221;vc_row-bg-position-top&#8221; css=&#8221;.vc_custom_1691657179237{padding-bottom: 25px !important;}&#8221; css_mobile=&#8221;.vc_custom_1691657179238{padding-top: 60px !important;}&#8221;][vc_column css=&#8221;.vc_custom_1692286362031{margin-top: 90px !important;}&#8221; css_tablet_portrait=&#8221;.vc_custom_1692286362032{margin-top: 60px !important;}&#8221; css_mobile=&#8221;.vc_custom_1692286362032{margin-top: 30px !important;}&#8221;][\/vc_column][\/vc_row][vc_row [&hellip;]<\/p>\n","protected":false},"author":3,"featured_media":0,"parent":6239,"menu_order":0,"comment_status":"closed","ping_status":"closed","template":"","meta":{"footnotes":""},"class_list":["post-6242","page","type-page","status-publish","hentry"],"yoast_head":"<!-- This site is optimized with the Yoast SEO plugin v26.9 - https:\/\/yoast.com\/product\/yoast-seo-wordpress\/ -->\n<title>Indywidualne porady Elektrociep\u0142ownia na biomas\u0119 - WE<\/title>\n<meta name=\"description\" content=\"Masz pytania lub nie wiesz od czego zacz\u0105\u0107? Oferujemy bezp\u0142atne, osobiste doradztwo w zakresie kogeneracji biomasy.\" \/>\n<meta name=\"robots\" content=\"index, follow, max-snippet:-1, max-image-preview:large, max-video-preview:-1\" \/>\n<link rel=\"canonical\" href=\"https:\/\/we-bioenergy.com\/pl\/kontakt\/konsultacje\/\" \/>\n<meta property=\"og:locale\" content=\"pl_PL\" \/>\n<meta property=\"og:type\" content=\"article\" \/>\n<meta property=\"og:title\" content=\"Indywidualne porady Elektrociep\u0142ownia na biomas\u0119 - WE\" \/>\n<meta property=\"og:description\" content=\"Masz pytania lub nie wiesz od czego zacz\u0105\u0107? Oferujemy bezp\u0142atne, osobiste doradztwo w zakresie kogeneracji biomasy.\" \/>\n<meta property=\"og:url\" content=\"https:\/\/we-bioenergy.com\/pl\/kontakt\/konsultacje\/\" \/>\n<meta property=\"og:site_name\" content=\"WE\" \/>\n<meta property=\"article:modified_time\" content=\"2024-04-29T14:03:27+00:00\" \/>\n<meta name=\"twitter:card\" content=\"summary_large_image\" \/>\n<meta name=\"twitter:label1\" content=\"Szacowany czas czytania\" \/>\n\t<meta name=\"twitter:data1\" content=\"1 minuta\" \/>\n<script type=\"application\/ld+json\" class=\"yoast-schema-graph\">{\"@context\":\"https:\/\/schema.org\",\"@graph\":[{\"@type\":\"WebPage\",\"@id\":\"https:\/\/we-bioenergy.com\/pl\/kontakt\/konsultacje\/\",\"url\":\"https:\/\/we-bioenergy.com\/pl\/kontakt\/konsultacje\/\",\"name\":\"Indywidualne porady Elektrociep\u0142ownia na biomas\u0119 - WE\",\"isPartOf\":{\"@id\":\"https:\/\/we-bioenergy.com\/#website\"},\"datePublished\":\"2022-06-07T09:35:34+00:00\",\"dateModified\":\"2024-04-29T14:03:27+00:00\",\"description\":\"Masz pytania lub nie wiesz od czego zacz\u0105\u0107? Oferujemy bezp\u0142atne, osobiste doradztwo w zakresie kogeneracji biomasy.\",\"breadcrumb\":{\"@id\":\"https:\/\/we-bioenergy.com\/pl\/kontakt\/konsultacje\/#breadcrumb\"},\"inLanguage\":\"pl-PL\",\"potentialAction\":[{\"@type\":\"ReadAction\",\"target\":[\"https:\/\/we-bioenergy.com\/pl\/kontakt\/konsultacje\/\"]}]},{\"@type\":\"BreadcrumbList\",\"@id\":\"https:\/\/we-bioenergy.com\/pl\/kontakt\/konsultacje\/#breadcrumb\",\"itemListElement\":[{\"@type\":\"ListItem\",\"position\":1,\"name\":\"Home\",\"item\":\"https:\/\/we-bioenergy.com\/pl\/\"},{\"@type\":\"ListItem\",\"position\":2,\"name\":\"Kontakt\",\"item\":\"https:\/\/we-bioenergy.com\/pl\/kontakt\/\"},{\"@type\":\"ListItem\",\"position\":3,\"name\":\"Konsultacje\"}]},{\"@type\":\"WebSite\",\"@id\":\"https:\/\/we-bioenergy.com\/#website\",\"url\":\"https:\/\/we-bioenergy.com\/\",\"name\":\"WE\",\"description\":\"Energy Trend Concepts\",\"publisher\":{\"@id\":\"https:\/\/we-bioenergy.com\/#organization\"},\"potentialAction\":[{\"@type\":\"SearchAction\",\"target\":{\"@type\":\"EntryPoint\",\"urlTemplate\":\"https:\/\/we-bioenergy.com\/?s={search_term_string}\"},\"query-input\":{\"@type\":\"PropertyValueSpecification\",\"valueRequired\":true,\"valueName\":\"search_term_string\"}}],\"inLanguage\":\"pl-PL\"},{\"@type\":\"Organization\",\"@id\":\"https:\/\/we-bioenergy.com\/#organization\",\"name\":\"ENTRENCO\",\"url\":\"https:\/\/we-bioenergy.com\/\",\"logo\":{\"@type\":\"ImageObject\",\"inLanguage\":\"pl-PL\",\"@id\":\"https:\/\/we-bioenergy.com\/#\/schema\/logo\/image\/\",\"url\":\"https:\/\/we-bioenergy.com\/wp-content\/uploads\/2022\/06\/Entrenco-Logo.png\",\"contentUrl\":\"https:\/\/we-bioenergy.com\/wp-content\/uploads\/2022\/06\/Entrenco-Logo.png\",\"width\":1021,\"height\":198,\"caption\":\"ENTRENCO\"},\"image\":{\"@id\":\"https:\/\/we-bioenergy.com\/#\/schema\/logo\/image\/\"}}]}<\/script>\n<!-- \/ Yoast SEO plugin. -->","yoast_head_json":{"title":"Indywidualne porady Elektrociep\u0142ownia na biomas\u0119 - WE","description":"Masz pytania lub nie wiesz od czego zacz\u0105\u0107? Oferujemy bezp\u0142atne, osobiste doradztwo w zakresie kogeneracji biomasy.","robots":{"index":"index","follow":"follow","max-snippet":"max-snippet:-1","max-image-preview":"max-image-preview:large","max-video-preview":"max-video-preview:-1"},"canonical":"https:\/\/we-bioenergy.com\/pl\/kontakt\/konsultacje\/","og_locale":"pl_PL","og_type":"article","og_title":"Indywidualne porady Elektrociep\u0142ownia na biomas\u0119 - WE","og_description":"Masz pytania lub nie wiesz od czego zacz\u0105\u0107? Oferujemy bezp\u0142atne, osobiste doradztwo w zakresie kogeneracji biomasy.","og_url":"https:\/\/we-bioenergy.com\/pl\/kontakt\/konsultacje\/","og_site_name":"WE","article_modified_time":"2024-04-29T14:03:27+00:00","twitter_card":"summary_large_image","twitter_misc":{"Szacowany czas czytania":"1 minuta"},"schema":{"@context":"https:\/\/schema.org","@graph":[{"@type":"WebPage","@id":"https:\/\/we-bioenergy.com\/pl\/kontakt\/konsultacje\/","url":"https:\/\/we-bioenergy.com\/pl\/kontakt\/konsultacje\/","name":"Indywidualne porady Elektrociep\u0142ownia na biomas\u0119 - WE","isPartOf":{"@id":"https:\/\/we-bioenergy.com\/#website"},"datePublished":"2022-06-07T09:35:34+00:00","dateModified":"2024-04-29T14:03:27+00:00","description":"Masz pytania lub nie wiesz od czego zacz\u0105\u0107? Oferujemy bezp\u0142atne, osobiste doradztwo w zakresie kogeneracji biomasy.","breadcrumb":{"@id":"https:\/\/we-bioenergy.com\/pl\/kontakt\/konsultacje\/#breadcrumb"},"inLanguage":"pl-PL","potentialAction":[{"@type":"ReadAction","target":["https:\/\/we-bioenergy.com\/pl\/kontakt\/konsultacje\/"]}]},{"@type":"BreadcrumbList","@id":"https:\/\/we-bioenergy.com\/pl\/kontakt\/konsultacje\/#breadcrumb","itemListElement":[{"@type":"ListItem","position":1,"name":"Home","item":"https:\/\/we-bioenergy.com\/pl\/"},{"@type":"ListItem","position":2,"name":"Kontakt","item":"https:\/\/we-bioenergy.com\/pl\/kontakt\/"},{"@type":"ListItem","position":3,"name":"Konsultacje"}]},{"@type":"WebSite","@id":"https:\/\/we-bioenergy.com\/#website","url":"https:\/\/we-bioenergy.com\/","name":"WE","description":"Energy Trend Concepts","publisher":{"@id":"https:\/\/we-bioenergy.com\/#organization"},"potentialAction":[{"@type":"SearchAction","target":{"@type":"EntryPoint","urlTemplate":"https:\/\/we-bioenergy.com\/?s={search_term_string}"},"query-input":{"@type":"PropertyValueSpecification","valueRequired":true,"valueName":"search_term_string"}}],"inLanguage":"pl-PL"},{"@type":"Organization","@id":"https:\/\/we-bioenergy.com\/#organization","name":"ENTRENCO","url":"https:\/\/we-bioenergy.com\/","logo":{"@type":"ImageObject","inLanguage":"pl-PL","@id":"https:\/\/we-bioenergy.com\/#\/schema\/logo\/image\/","url":"https:\/\/we-bioenergy.com\/wp-content\/uploads\/2022\/06\/Entrenco-Logo.png","contentUrl":"https:\/\/we-bioenergy.com\/wp-content\/uploads\/2022\/06\/Entrenco-Logo.png","width":1021,"height":198,"caption":"ENTRENCO"},"image":{"@id":"https:\/\/we-bioenergy.com\/#\/schema\/logo\/image\/"}}]}},"_links":{"self":[{"href":"https:\/\/we-bioenergy.com\/pl\/wp-json\/wp\/v2\/pages\/6242","targetHints":{"allow":["GET"]}}],"collection":[{"href":"https:\/\/we-bioenergy.com\/pl\/wp-json\/wp\/v2\/pages"}],"about":[{"href":"https:\/\/we-bioenergy.com\/pl\/wp-json\/wp\/v2\/types\/page"}],"author":[{"embeddable":true,"href":"https:\/\/we-bioenergy.com\/pl\/wp-json\/wp\/v2\/users\/3"}],"replies":[{"embeddable":true,"href":"https:\/\/we-bioenergy.com\/pl\/wp-json\/wp\/v2\/comments?post=6242"}],"version-history":[{"count":9,"href":"https:\/\/we-bioenergy.com\/pl\/wp-json\/wp\/v2\/pages\/6242\/revisions"}],"predecessor-version":[{"id":8136,"href":"https:\/\/we-bioenergy.com\/pl\/wp-json\/wp\/v2\/pages\/6242\/revisions\/8136"}],"up":[{"embeddable":true,"href":"https:\/\/we-bioenergy.com\/pl\/wp-json\/wp\/v2\/pages\/6239"}],"wp:attachment":[{"href":"https:\/\/we-bioenergy.com\/pl\/wp-json\/wp\/v2\/media?parent=6242"}],"curies":[{"name":"wp","href":"https:\/\/api.w.org\/{rel}","templated":true}]}}