{"id":6239,"date":"2022-04-21T09:22:51","date_gmt":"2022-04-21T09:22:51","guid":{"rendered":"https:\/\/we-bioenergy.com\/kontakt\/"},"modified":"2023-10-26T11:16:05","modified_gmt":"2023-10-26T11:16:05","slug":"kontakt","status":"publish","type":"page","link":"https:\/\/we-bioenergy.com\/pl\/kontakt\/","title":{"rendered":"Kontakt"},"content":{"rendered":"<div class=\"wpb-content-wrapper\"><p>[vc_section el_class=&#8221;entrenco-header-section&#8221; el_id=&#8221;entrenco-header-section&#8221;][vc_row full_width=&#8221;stretch_row&#8221; kd_background_image_position=&#8221;vc_row-bg-position-top&#8221; css=&#8221;.vc_custom_1691657276611{padding-bottom: 25px !important;}&#8221; css_mobile=&#8221;.vc_custom_1691657276611{padding-top: 60px !important;}&#8221;][vc_column css=&#8221;.vc_custom_1692286250150{margin-top: 90px !important;}&#8221; css_tablet_portrait=&#8221;.vc_custom_1692286250150{margin-top: 60px !important;}&#8221; css_mobile=&#8221;.vc_custom_1692286250151{margin-top: 30px !important;}&#8221;]<header class=\"kd-section-title col-lg-12 text-left  subtitle-below-title   \" ><h1 class=\"separator_off\" >Kontakt<\/h1><h6 class=\"subtitle\" style=\"color: #000000;\">Jak mo\u017cemy Ci pom\u00f3c?<\/h6><\/header>[\/vc_column][\/vc_row][vc_row equal_height=&#8221;yes&#8221; kd_background_image_position=&#8221;vc_row-bg-position-top&#8221;][vc_column width=&#8221;1\/2&#8243;]<div class=\"cb-container  content-left  disable-box-shadow\" ><div class=\"cb-wrapper\" style=\"background-color: #fff;\"><div class=\"cb-img-area\"><i class=\"fas fa-toolbox\" style=\" \"><\/i> <\/div><div class=\"cb-text-area\"><h4 class=\"cb-heading\" >Jestem zainteresowany instalacj\u0105 kogeneracyjn\u0105 na biomas\u0119<\/h4><p >Podaj nam kilka informacji na temat swojej firmy oraz zapotrzebowania na ciep\u0142o i energi\u0119 elektryczn\u0105. Dzi\u0119ki temu b\u0119dziemy mogli przedstawi\u0107 wst\u0119pn\u0105 ocen\u0119 koncepcji kogeneracji.<\/p><a class=\"cb-simple-link\" href=\"https:\/\/we-bioenergy.com\/pl\/kontakt\/zainteresowanie\/\" target=\"_self\" >Zam\u00f3w teraz<\/a><\/div><\/div><\/div>[\/vc_column][vc_column width=&#8221;1\/2&#8243;]<div class=\"cb-container  content-left  disable-box-shadow\" ><div class=\"cb-wrapper\" style=\"background-color: #fff;\"><div class=\"cb-img-area\"><i class=\"fas fa-headset\" style=\" \"><\/i> <\/div><div class=\"cb-text-area\"><h4 class=\"cb-heading\" >Chcia\u0142bym skorzysta\u0107 ze wst\u0119pnej konsultacji indywidualnej<\/h4><p >Czy nadal masz pytania dotycz\u0105ce naszych produkt\u00f3w lub p\u0142yn\u0105cych z nich korzy\u015bci?<br \/>\nZainteresowanym oferujemy bezp\u0142atn\u0105 15-minutow\u0105 konsultacj\u0119 wst\u0119pn\u0105.<br \/>\n<\/p><a class=\"cb-simple-link\" href=\"https:\/\/we-bioenergy.com\/pl\/kontakt\/konsultacje\/\" target=\"_self\" >Um\u00f3w konsultacj\u0119<\/a><\/div><\/div><\/div>[\/vc_column][\/vc_row][vc_row equal_height=&#8221;yes&#8221; disable_element=&#8221;yes&#8221; kd_background_image_position=&#8221;vc_row-bg-position-top&#8221;][vc_column width=&#8221;1\/3&#8243;]<div class=\"cb-container  content-left  disable-box-shadow\" ><div class=\"cb-wrapper\" style=\"background-color: #fff;\"><div class=\"cb-img-area\"><i class=\"fas fa-toolbox\" style=\" \"><\/i> <\/div><div class=\"cb-text-area\"><h4 class=\"cb-heading\" >Ich habe Interesse an einem Biomasse-Blockheizkraftwerk<\/h4><p >Geben Sie uns ein paar Informationen zu Ihrem Unternehmen und Ihrem W\u00e4rme- und Strombedarf. Mit den Informationen k\u00f6nnen wir Ihnen eine erste Einsch\u00e4tzung f\u00fcr Ihr BHKW-Konzept geben.<\/p><a class=\"cb-simple-link\" href=\"\/kontakt\/interesse\/\" target=\"_self\" >Jetzt anfragen<\/a><\/div><\/div><\/div>[\/vc_column][vc_column width=&#8221;1\/3&#8243;]<div class=\"cb-container  content-left  disable-box-shadow\" ><div class=\"cb-wrapper\" style=\"background-color: #fff;\"><div class=\"cb-img-area\"><i class=\"fas fa-headset\" style=\" \"><\/i> <\/div><div class=\"cb-text-area\"><h4 class=\"cb-heading\" >Ich m\u00f6chte eine pers\u00f6nliche Erstberatung<\/h4><p >Haben Sie noch Fragen zu unseren Produkten oder Vorteilen?<br \/>\nWir bieten Interessenten eine gratis Erstberatung von 15 Minuten an.<\/p><a class=\"cb-simple-link\" href=\"\/kontakt\/beratung\/\" target=\"_self\" >Beratung vereinbaren<\/a><\/div><\/div><\/div>[\/vc_column][vc_column width=&#8221;1\/3&#8243;]<div class=\"cb-container  content-left  disable-box-shadow\" ><div class=\"cb-wrapper\" style=\"background-color: #fff;\"><div class=\"cb-img-area\"><i class=\"fas fa-file-download\" style=\" \"><\/i> <\/div><div class=\"cb-text-area\"><h4 class=\"cb-heading\" >Ich m\u00f6chte eine Brosch\u00fcre von Entrenco erhalten<\/h4><p >Laden Sie sich die Unternehmensbrosch\u00fcre von Entrenco herunter. Darin finden Sie weitere Details zu unseren Produkten, Services und dar\u00fcber, warum wir der richtige Partner f\u00fcr Ihr Unternehmen sind.<\/p><a class=\"cb-simple-link\" href=\"\/kontakt\/download\/\" target=\"_self\" style=\"color: #4aa958;\">Jetzt herunterladen<\/a><\/div><\/div><\/div>[\/vc_column][\/vc_row][\/vc_section][vc_row full_width=&#8221;stretch_row&#8221; disable_element=&#8221;yes&#8221; kd_background_image_position=&#8221;vc_row-bg-position-top&#8221; css=&#8221;.vc_custom_1667829253255{padding-top: 90px !important;padding-bottom: 90px !important;}&#8221; css_mobile=&#8221;.vc_custom_1667829253256{padding-top: 60px !important;padding-bottom: 60px !important;}&#8221; el_class=&#8221;entrenco-services-references&#8221;][vc_column css=&#8221;.vc_custom_1653721949482{padding-right: 0px !important;padding-left: 0px !important;}&#8221; el_class=&#8221;entrenco-dots entrenco-top-right-dots entrenco-top-left-dots&#8221;][vc_row_inner kd_background_image_position=&#8221;vc_row-bg-position-top&#8221; css=&#8221;.vc_custom_1653722085364{padding-top: 120px !important;padding-right: 60px !important;padding-bottom: 50px !important;padding-left: 60px !important;}&#8221;][vc_column_inner width=&#8221;1\/2&#8243;][vc_single_image image=&#8221;143&#8243; img_size=&#8221;590&#215;390&#8243; alignment=&#8221;center&#8221; css_animation=&#8221;none&#8221; css=&#8221;.vc_custom_1653654495564{padding-bottom: 30px !important;}&#8221;]<header class=\"kd-section-title col-lg-12 text-left  subtitle-below-title   \" ><h3 class=\"separator_off\" >Services<\/h3><h6 class=\"subtitle\" >Im Bereich der Biomasse stellt Hackgut die g\u00fcnstigste<br \/>\nHeizform im Vergleich zu fossilen Brennstoffen da.<\/h6><\/header><a  href=\"#\"  target=\"_self\"  title=\"\"  class=\"tt_button tt_secondary_button btn_primary_color  btn-align-left button-action-link    add-margin-right\" ><span class=\"prim_text\">zu Services<\/span><\/a>[\/vc_column_inner][vc_column_inner width=&#8221;1\/2&#8243; css_mobile=&#8221;.vc_custom_1652960656573{padding-top: 50px !important;}&#8221;][vc_single_image image=&#8221;142&#8243; img_size=&#8221;590&#215;390&#8243; alignment=&#8221;center&#8221; css_animation=&#8221;none&#8221; css=&#8221;.vc_custom_1653654523830{padding-bottom: 30px !important;}&#8221;]<header class=\"kd-section-title col-lg-12 text-left  subtitle-below-title   \" ><h3 class=\"separator_off\" >Referenzen<\/h3><h6 class=\"subtitle\" >Im Bereich der Biomasse stellt Hackgut die g\u00fcnstigste<br \/>\nHeizform im Vergleich zu fossilen Brennstoffen da.<\/h6><\/header><a  href=\"#\"  target=\"_self\"  title=\"\"  class=\"tt_button tt_secondary_button btn_primary_color  btn-align-left button-action-link    add-margin-right\" ><span class=\"prim_text\">zu Referenzen<\/span><\/a>[\/vc_column_inner][\/vc_row_inner][\/vc_column][\/vc_row]<\/p>\n<\/div>","protected":false},"excerpt":{"rendered":"<p>[vc_section el_class=&#8221;entrenco-header-section&#8221; el_id=&#8221;entrenco-header-section&#8221;][vc_row full_width=&#8221;stretch_row&#8221; kd_background_image_position=&#8221;vc_row-bg-position-top&#8221; css=&#8221;.vc_custom_1691657276611{padding-bottom: 25px !important;}&#8221; css_mobile=&#8221;.vc_custom_1691657276611{padding-top: 60px !important;}&#8221;][vc_column css=&#8221;.vc_custom_1692286250150{margin-top: 90px !important;}&#8221; css_tablet_portrait=&#8221;.vc_custom_1692286250150{margin-top: 60px !important;}&#8221; css_mobile=&#8221;.vc_custom_1692286250151{margin-top: 30px !important;}&#8221;][\/vc_column][\/vc_row][vc_row [&hellip;]<\/p>\n","protected":false},"author":1,"featured_media":0,"parent":0,"menu_order":0,"comment_status":"closed","ping_status":"closed","template":"","meta":{"footnotes":""},"class_list":["post-6239","page","type-page","status-publish","hentry"],"yoast_head":"<!-- This site is optimized with the Yoast SEO plugin v26.9 - https:\/\/yoast.com\/product\/yoast-seo-wordpress\/ -->\n<title>Skontaktuj si\u0119 z nami, aby uzyska\u0107 wst\u0119pn\u0105 konsultacj\u0119 - WE<\/title>\n<meta name=\"description\" content=\"Skontaktuj si\u0119 z nami, aby uzyska\u0107 wst\u0119pn\u0105 konsultacj\u0119. Oferujemy niestandardowe i gotowe systemy CHP, kt\u00f3re pasuj\u0105 do Twoich potrzeb.\" \/>\n<meta name=\"robots\" content=\"index, follow, max-snippet:-1, max-image-preview:large, max-video-preview:-1\" \/>\n<link rel=\"canonical\" href=\"https:\/\/we-bioenergy.com\/pl\/kontakt\/\" \/>\n<meta property=\"og:locale\" content=\"pl_PL\" \/>\n<meta property=\"og:type\" content=\"article\" \/>\n<meta property=\"og:title\" content=\"Skontaktuj si\u0119 z nami, aby uzyska\u0107 wst\u0119pn\u0105 konsultacj\u0119 - WE\" \/>\n<meta property=\"og:description\" content=\"Skontaktuj si\u0119 z nami, aby uzyska\u0107 wst\u0119pn\u0105 konsultacj\u0119. Oferujemy niestandardowe i gotowe systemy CHP, kt\u00f3re pasuj\u0105 do Twoich potrzeb.\" \/>\n<meta property=\"og:url\" content=\"https:\/\/we-bioenergy.com\/pl\/kontakt\/\" \/>\n<meta property=\"og:site_name\" content=\"WE\" \/>\n<meta property=\"article:modified_time\" content=\"2023-10-26T11:16:05+00:00\" \/>\n<meta name=\"twitter:card\" content=\"summary_large_image\" \/>\n<meta name=\"twitter:label1\" content=\"Szacowany czas czytania\" \/>\n\t<meta name=\"twitter:data1\" content=\"2 minuty\" \/>\n<script type=\"application\/ld+json\" class=\"yoast-schema-graph\">{\"@context\":\"https:\/\/schema.org\",\"@graph\":[{\"@type\":\"WebPage\",\"@id\":\"https:\/\/we-bioenergy.com\/pl\/kontakt\/\",\"url\":\"https:\/\/we-bioenergy.com\/pl\/kontakt\/\",\"name\":\"Skontaktuj si\u0119 z nami, aby uzyska\u0107 wst\u0119pn\u0105 konsultacj\u0119 - WE\",\"isPartOf\":{\"@id\":\"https:\/\/we-bioenergy.com\/#website\"},\"datePublished\":\"2022-04-21T09:22:51+00:00\",\"dateModified\":\"2023-10-26T11:16:05+00:00\",\"description\":\"Skontaktuj si\u0119 z nami, aby uzyska\u0107 wst\u0119pn\u0105 konsultacj\u0119. Oferujemy niestandardowe i gotowe systemy CHP, kt\u00f3re pasuj\u0105 do Twoich potrzeb.\",\"breadcrumb\":{\"@id\":\"https:\/\/we-bioenergy.com\/pl\/kontakt\/#breadcrumb\"},\"inLanguage\":\"pl-PL\",\"potentialAction\":[{\"@type\":\"ReadAction\",\"target\":[\"https:\/\/we-bioenergy.com\/pl\/kontakt\/\"]}]},{\"@type\":\"BreadcrumbList\",\"@id\":\"https:\/\/we-bioenergy.com\/pl\/kontakt\/#breadcrumb\",\"itemListElement\":[{\"@type\":\"ListItem\",\"position\":1,\"name\":\"Home\",\"item\":\"https:\/\/we-bioenergy.com\/pl\/\"},{\"@type\":\"ListItem\",\"position\":2,\"name\":\"Kontakt\"}]},{\"@type\":\"WebSite\",\"@id\":\"https:\/\/we-bioenergy.com\/#website\",\"url\":\"https:\/\/we-bioenergy.com\/\",\"name\":\"WE\",\"description\":\"Energy Trend Concepts\",\"publisher\":{\"@id\":\"https:\/\/we-bioenergy.com\/#organization\"},\"potentialAction\":[{\"@type\":\"SearchAction\",\"target\":{\"@type\":\"EntryPoint\",\"urlTemplate\":\"https:\/\/we-bioenergy.com\/?s={search_term_string}\"},\"query-input\":{\"@type\":\"PropertyValueSpecification\",\"valueRequired\":true,\"valueName\":\"search_term_string\"}}],\"inLanguage\":\"pl-PL\"},{\"@type\":\"Organization\",\"@id\":\"https:\/\/we-bioenergy.com\/#organization\",\"name\":\"ENTRENCO\",\"url\":\"https:\/\/we-bioenergy.com\/\",\"logo\":{\"@type\":\"ImageObject\",\"inLanguage\":\"pl-PL\",\"@id\":\"https:\/\/we-bioenergy.com\/#\/schema\/logo\/image\/\",\"url\":\"https:\/\/we-bioenergy.com\/wp-content\/uploads\/2022\/06\/Entrenco-Logo.png\",\"contentUrl\":\"https:\/\/we-bioenergy.com\/wp-content\/uploads\/2022\/06\/Entrenco-Logo.png\",\"width\":1021,\"height\":198,\"caption\":\"ENTRENCO\"},\"image\":{\"@id\":\"https:\/\/we-bioenergy.com\/#\/schema\/logo\/image\/\"}}]}<\/script>\n<!-- \/ Yoast SEO plugin. -->","yoast_head_json":{"title":"Skontaktuj si\u0119 z nami, aby uzyska\u0107 wst\u0119pn\u0105 konsultacj\u0119 - WE","description":"Skontaktuj si\u0119 z nami, aby uzyska\u0107 wst\u0119pn\u0105 konsultacj\u0119. Oferujemy niestandardowe i gotowe systemy CHP, kt\u00f3re pasuj\u0105 do Twoich potrzeb.","robots":{"index":"index","follow":"follow","max-snippet":"max-snippet:-1","max-image-preview":"max-image-preview:large","max-video-preview":"max-video-preview:-1"},"canonical":"https:\/\/we-bioenergy.com\/pl\/kontakt\/","og_locale":"pl_PL","og_type":"article","og_title":"Skontaktuj si\u0119 z nami, aby uzyska\u0107 wst\u0119pn\u0105 konsultacj\u0119 - WE","og_description":"Skontaktuj si\u0119 z nami, aby uzyska\u0107 wst\u0119pn\u0105 konsultacj\u0119. Oferujemy niestandardowe i gotowe systemy CHP, kt\u00f3re pasuj\u0105 do Twoich potrzeb.","og_url":"https:\/\/we-bioenergy.com\/pl\/kontakt\/","og_site_name":"WE","article_modified_time":"2023-10-26T11:16:05+00:00","twitter_card":"summary_large_image","twitter_misc":{"Szacowany czas czytania":"2 minuty"},"schema":{"@context":"https:\/\/schema.org","@graph":[{"@type":"WebPage","@id":"https:\/\/we-bioenergy.com\/pl\/kontakt\/","url":"https:\/\/we-bioenergy.com\/pl\/kontakt\/","name":"Skontaktuj si\u0119 z nami, aby uzyska\u0107 wst\u0119pn\u0105 konsultacj\u0119 - WE","isPartOf":{"@id":"https:\/\/we-bioenergy.com\/#website"},"datePublished":"2022-04-21T09:22:51+00:00","dateModified":"2023-10-26T11:16:05+00:00","description":"Skontaktuj si\u0119 z nami, aby uzyska\u0107 wst\u0119pn\u0105 konsultacj\u0119. Oferujemy niestandardowe i gotowe systemy CHP, kt\u00f3re pasuj\u0105 do Twoich potrzeb.","breadcrumb":{"@id":"https:\/\/we-bioenergy.com\/pl\/kontakt\/#breadcrumb"},"inLanguage":"pl-PL","potentialAction":[{"@type":"ReadAction","target":["https:\/\/we-bioenergy.com\/pl\/kontakt\/"]}]},{"@type":"BreadcrumbList","@id":"https:\/\/we-bioenergy.com\/pl\/kontakt\/#breadcrumb","itemListElement":[{"@type":"ListItem","position":1,"name":"Home","item":"https:\/\/we-bioenergy.com\/pl\/"},{"@type":"ListItem","position":2,"name":"Kontakt"}]},{"@type":"WebSite","@id":"https:\/\/we-bioenergy.com\/#website","url":"https:\/\/we-bioenergy.com\/","name":"WE","description":"Energy Trend Concepts","publisher":{"@id":"https:\/\/we-bioenergy.com\/#organization"},"potentialAction":[{"@type":"SearchAction","target":{"@type":"EntryPoint","urlTemplate":"https:\/\/we-bioenergy.com\/?s={search_term_string}"},"query-input":{"@type":"PropertyValueSpecification","valueRequired":true,"valueName":"search_term_string"}}],"inLanguage":"pl-PL"},{"@type":"Organization","@id":"https:\/\/we-bioenergy.com\/#organization","name":"ENTRENCO","url":"https:\/\/we-bioenergy.com\/","logo":{"@type":"ImageObject","inLanguage":"pl-PL","@id":"https:\/\/we-bioenergy.com\/#\/schema\/logo\/image\/","url":"https:\/\/we-bioenergy.com\/wp-content\/uploads\/2022\/06\/Entrenco-Logo.png","contentUrl":"https:\/\/we-bioenergy.com\/wp-content\/uploads\/2022\/06\/Entrenco-Logo.png","width":1021,"height":198,"caption":"ENTRENCO"},"image":{"@id":"https:\/\/we-bioenergy.com\/#\/schema\/logo\/image\/"}}]}},"_links":{"self":[{"href":"https:\/\/we-bioenergy.com\/pl\/wp-json\/wp\/v2\/pages\/6239","targetHints":{"allow":["GET"]}}],"collection":[{"href":"https:\/\/we-bioenergy.com\/pl\/wp-json\/wp\/v2\/pages"}],"about":[{"href":"https:\/\/we-bioenergy.com\/pl\/wp-json\/wp\/v2\/types\/page"}],"author":[{"embeddable":true,"href":"https:\/\/we-bioenergy.com\/pl\/wp-json\/wp\/v2\/users\/1"}],"replies":[{"embeddable":true,"href":"https:\/\/we-bioenergy.com\/pl\/wp-json\/wp\/v2\/comments?post=6239"}],"version-history":[{"count":7,"href":"https:\/\/we-bioenergy.com\/pl\/wp-json\/wp\/v2\/pages\/6239\/revisions"}],"predecessor-version":[{"id":7471,"href":"https:\/\/we-bioenergy.com\/pl\/wp-json\/wp\/v2\/pages\/6239\/revisions\/7471"}],"wp:attachment":[{"href":"https:\/\/we-bioenergy.com\/pl\/wp-json\/wp\/v2\/media?parent=6239"}],"curies":[{"name":"wp","href":"https:\/\/api.w.org\/{rel}","templated":true}]}}