{"id":2389,"date":"2022-04-21T09:20:21","date_gmt":"2022-04-21T09:20:21","guid":{"rendered":"https:\/\/we-bioenergy.com\/services\/"},"modified":"2024-01-23T07:43:17","modified_gmt":"2024-01-23T07:43:17","slug":"services","status":"publish","type":"page","link":"https:\/\/we-bioenergy.com\/fr\/services\/","title":{"rendered":"Services"},"content":{"rendered":"<div class=\"wpb-content-wrapper\"><p>[vc_section full_width=&#8221;stretch_row&#8221; css=&#8221;.vc_custom_1653630277709{padding-right: 30px !important;padding-left: 30px !important;}&#8221; el_class=&#8221;entrenco-header-section&#8221; el_id=&#8221;entrenco-header-section&#8221;][vc_row kd_background_image_position=&#8221;vc_row-bg-position-center&#8221; css=&#8221;.vc_custom_1668459863743{padding-top: 300px !important;padding-bottom: 150px !important;background-image: url(https:\/\/we-bioenergy.com\/wp-content\/uploads\/2022\/11\/Holzhackschnitzel-Hand.jpg?id=3582) !important;background-position: center !important;background-repeat: no-repeat !important;background-size: cover !important;}&#8221; css_tablet_portrait=&#8221;.vc_custom_1668459863744{padding-top: 100px !important;padding-bottom: 70px !important;}&#8221; css_mobile=&#8221;.vc_custom_1668459863744{padding-top: 100px !important;padding-bottom: 70px !important;}&#8221; css_tablet_landscape=&#8221;.vc_custom_1668459863744{padding-bottom: 70px !important;}&#8221; el_class=&#8221;entrenco-dots entrenco-header-white-dots&#8221;][vc_column][vc_row_inner full_width=&#8221;inner_row_contained&#8221; content_placement=&#8221;middle&#8221; kd_background_image_position=&#8221;vc_row-bg-position-top&#8221;][vc_column_inner el_class=&#8221;referenzseite-header-left-col&#8221; width=&#8221;1\/12&#8243; css=&#8221;.vc_custom_1653026942910{padding-top: 5px !important;padding-right: 20px !important;padding-bottom: 5px !important;padding-left: 20px !important;border-radius: 5px !important;}&#8221; css_tablet_landscape=&#8221;.vc_custom_1653026942910{padding-top: 0px !important;}&#8221; offset=&#8221;vc_col-lg-6 vc_col-md-12&#8243; css_tablet_portrait=&#8221;.vc_custom_1653026942911{padding-top: 0px !important;padding-right: 0px !important;}&#8221; css_mobile=&#8221;.vc_custom_1653026942911{padding-top: 0px !important;padding-right: 10px !important;padding-left: 10px !important;}&#8221;]<header class=\"kd-section-title col-lg-12 text-left  subtitle-below-title   \" ><h1 class=\"separator_off\" style=\"color: #ffffff;margin-bottom:0px;\">Services<\/h1><h6 class=\"subtitle\" style=\"color: #ffffff;font-size:26px;\">Mit WegscheidEntrenco sind Sie rundum versorgt<\/h6><\/header>[\/vc_column_inner][\/vc_row_inner][\/vc_column][\/vc_row][\/vc_section][vc_row full_width=&#8221;stretch_row&#8221; kd_background_image_position=&#8221;vc_row-bg-position-top&#8221; css=&#8221;.vc_custom_1652961885424{padding-top: 90px !important;padding-bottom: 25px !important;}&#8221; css_mobile=&#8221;.vc_custom_1652961885425{padding-top: 60px !important;}&#8221;][vc_column]<header class=\"kd-section-title col-lg-12 text-left  subtitle-below-title   \" ><h2 class=\"separator_off\" >Plug &amp; Perform - unser Rundum-Service f\u00fcr unsere Kunden<\/h2><h6 class=\"subtitle\" style=\"color: #000000;\">Unser \u201ePlug &amp; Perform\u201c Ansatz will dem Kunden durch einen Rundum-Service die Betreuung der Anlagen weitgehend abnehmen, sodass er sich auf sein eigentliches Gesch\u00e4ft konzentrieren kann. Die Zufriedenheit unserer Kunden beginnt mit sachkundiger Beratung und Planung, geht \u00fcber Fernsteuerung der weitgehend automatisch arbeitenden Anlagen bis hin zur professionellen Wartung und Instandhaltung. Mit dieser Rundum-Betreuung wollen wir Ma\u00dfst\u00e4be setzen.<br \/>\nWir nutzen u\u0308brigens ausgefeilte Kalkulationstools, um die wirtschaftliche Perspektive einer Investition aufzuzeigen und dadurch eine klare Entscheidungsgrundlage zu schaffen.<\/h6><\/header>[\/vc_column][\/vc_row][vc_row kd_background_image_position=&#8221;vc_row-bg-position-top&#8221;][vc_column]<header class=\"kd-section-title col-lg-12 text-left  subtitle-below-title   \" ><h2 class=\"separator_off\" >Unser Prozess<\/h2><h6 class=\"subtitle\" style=\"color: #000000;\">Wir betreuen Kunden aus verschiedenen Branchen und in vielen Regionen weltweit \u2013 vom DACH-Raum \u00fcber Italien, Gro\u00dfbritannien, Osteuropa bis Japan. Obwohl wir bew\u00e4hrte Branchenl\u00f6sungen anbieten k\u00f6nnen, erfordern die individuellen Kundenbed\u00fcrfnisse und die \u00f6rtlichen Gegebenheiten ein ma\u00dfgeschneidertes Projekt.<\/h6><\/header>\r\n            <div class=\"kd-process-steps process_four_elem process-checkbox-template \">\r\n                <ul>\r\n                <li class=\"pss-item  \" >\r\n                    <div class=\"pss-container\"><div class=\"pss-step-number\"><span style=\"color: #ffffff;\">1<\/span><\/div><div class=\"pss-text-area\"><h5 >Beratungsgespr\u00e4ch<\/h5><p >In einem ersten Beratungsgespr\u00e4ch erfragen wir Ihre Zielsetzung und die Rahmenbedingungen<\/p><\/div>\r\n                    <\/div>\r\n                <\/li>\r\n                <li class=\"pss-item  \" >\r\n                    <div class=\"pss-container\"><div class=\"pss-step-number\"><span style=\"color: #ffffff;\">2<\/span><\/div><div class=\"pss-text-area\"><h5 >Vor-Ort-Besuch<\/h5><p >Ein Vor-Ort-Besuch hilft uns, einen authentischen Eindruck zu bekommen und weitere wichtige Parameter aufzunehmen.<\/p><\/div>\r\n                    <\/div>\r\n                <\/li>\r\n                <li class=\"pss-item  \" >\r\n                    <div class=\"pss-container\"><div class=\"pss-step-number\"><span style=\"color: #ffffff;\">3<\/span><\/div><div class=\"pss-text-area\"><h5 >L\u00f6sungsm\u00f6glichkeiten<\/h5><p >In der Regel k\u00f6nnen wir dann bereits L\u00f6sungsm\u00f6glichkeiten skizzieren und erste Indikationen zum Investitionsbedarf und Ertragspotential geben.<\/p><\/div>\r\n                    <\/div>\r\n                <\/li>\r\n                <li class=\"pss-item  \" >\r\n                    <div class=\"pss-container\"><div class=\"pss-step-number\"><span style=\"color: #ffffff;\">4<\/span><\/div><div class=\"pss-text-area\"><h5 >Angebot<\/h5><p >Die weitere Detaillierung bis zum konkreten Angebot erfolgt in st\u00e4ndigem Dialog, sodass wir am Ende genau ins Ziel treffen.<\/p><\/div>\r\n                    <\/div>\r\n                <\/li><\/ul>\r\n            <\/div>[\/vc_column][\/vc_row][vc_row full_width=&#8221;stretch_row&#8221; kd_background_image_position=&#8221;vc_row-bg-position-top&#8221; el_class=&#8221;section-gradient-bg&#8221; css=&#8221;.vc_custom_1653023101347{padding-top: 90px !important;padding-bottom: 90px !important;}&#8221; css_mobile=&#8221;.vc_custom_1653023101348{padding-top: 60px !important;padding-bottom: 60px !important;}&#8221;][vc_column css=&#8221;.vc_custom_1653719820633{padding-top: 70px !important;}&#8221; css_mobile=&#8221;.vc_custom_1653719820634{padding-top: 20px !important;}&#8221; el_class=&#8221;entrenco-dots entrenco-top-right-dots&#8221;][vc_row_inner kd_background_image_position=&#8221;vc_row-bg-position-top&#8221; css=&#8221;.vc_custom_1653722817755{padding-top: 40px !important;padding-right: 50px !important;padding-left: 50px !important;}&#8221; css_mobile=&#8221;.vc_custom_1653722817756{padding-top: 0px !important;padding-right: 0px !important;padding-left: 0px !important;}&#8221;][vc_column_inner width=&#8221;1\/2&#8243; css_mobile=&#8221;.vc_custom_1688139964321{margin-bottom: 50px !important;padding-top: 50px !important;}&#8221;][vc_single_image image=&#8221;685&#8243; img_size=&#8221;575&#215;390&#8243; alignment=&#8221;center&#8221; css_animation=&#8221;none&#8221; css=&#8221;.vc_custom_1654256890440{padding-bottom: 20px !important;}&#8221;]<header class=\"kd-section-title col-lg-12 text-left  subtitle-below-title   \" ><h3 class=\"separator_off\" >Fern\u00fcberwachung<\/h3><h6 class=\"subtitle\" >W\u00e4hrend der Inbetriebnahme eines Projekts erhalten unsere Kunden eine intensive Betriebs- und Routinewartungsschulung. Die umfangreiche Schulung tr\u00e4gt dazu bei, den t\u00e4glichen Arbeitsaufwand auf 30 Minuten zu reduzieren. Da sich unsere Systeme weitgehend selbst einstellen, ist der Bedarf an Vor-Ort-Unterst\u00fctzung durch unsere Servicetechniker gering.<br \/>\nNach Installation einer Anlage bieten wir unseren Kunden auch einen zuverl\u00e4ssigen Rundum-Service zu attraktiven Preisen. Das beinhaltet planm\u00e4\u00dfige Wartungsarbeiten und eine 24\/7 \u00dcberwachung und Steuerung jeder einzelnen Anlage durch unser Service-Center in Regensburg. Mit unserer marktfu\u0308hrenden Technologie k\u00f6nnen wir die automatisch arbeitenden Anlagen hinsichtlich zahlreicher technischer Parameter kontinuierlich beobachten und bei Bedarf korrigierend eingreifen. Dies sichert eine hohe Prozesseffizienz und Anlagenverfu\u0308gbarkeit, wodurch der Personalbedarf vor Ort minimiert wird.<\/h6><\/header>[\/vc_column_inner][vc_column_inner width=&#8221;1\/2&#8243; css=&#8221;.vc_custom_1653021906840{padding-top: 40px !important;}&#8221; css_mobile=&#8221;.vc_custom_1653021906841{padding-top: 0px !important;}&#8221;]<header class=\"kd-section-title col-lg-12 text-left  subtitle-below-title   \" ><h2 class=\"separator_off\" >WEITERE SERVICES<\/h2><\/header>[vc_single_image image=&#8221;694&#8243; img_size=&#8221;575&#215;390&#8243; alignment=&#8221;center&#8221; css_animation=&#8221;none&#8221; css=&#8221;.vc_custom_1654256918259{padding-top: 70px !important;padding-bottom: 20px !important;}&#8221;]<header class=\"kd-section-title col-lg-12 text-left  subtitle-below-title   \" ><h3 class=\"separator_off\" >Instandhaltung<\/h3><h6 class=\"subtitle\" >Da sich unsere Anlagen weitgehend selbst regulieren und vom Service-Center \u00fcberwacht und gesteuert werden, ist der Bedarf f\u00fcr einen Vor-Ort-Einsatz unserer Servicetechniker begrenzt. Wenn sie f\u00fcr die Jahreswartung oder einen St\u00f6rfall anreisen, sind sie anhand der umfangreichen Maschinendokumentation bestens pr\u00e4pariert und bringen die ggf. ben\u00f6tigten Ersatzteile mit. Im Abschlussgespr\u00e4ch mit dem Kunden wird dann der Zustand der Anlage besprochen und wir geben Hinweise f\u00fcr eine m\u00f6glichst noch h\u00f6here Leistung, beispielsweise durch die Verbesserung der Brennstoffqualit\u00e4t.<\/h6><\/header>[\/vc_column_inner][\/vc_row_inner][vc_row_inner kd_background_image_position=&#8221;vc_row-bg-position-top&#8221; css=&#8221;.vc_custom_1653722817755{padding-top: 40px !important;padding-right: 50px !important;padding-left: 50px !important;}&#8221; css_mobile=&#8221;.vc_custom_1653722817756{padding-top: 0px !important;padding-right: 0px !important;padding-left: 0px !important;}&#8221;][vc_column_inner css_mobile=&#8221;.vc_custom_1653024395439{padding-top: 50px !important;}&#8221;]<header class=\"kd-section-title col-lg-12 text-left  subtitle-below-title   \" ><h3 class=\"separator_off\" >Vollautomatischer Betrieb<\/h3><h6 class=\"subtitle\" >Eine besondere Marktstellung hat unsere hochentwickelte Maschinensteuerung, mit der eine Selbstregulierung auch bei Schwankungen, z. B. der Brennstoffqualit\u00e4t, erreicht wird, was einen vollautomatischen Betrieb erm\u00f6glicht. \u00dcber unser rund um die Uhr arbeitendes Kontrollzentrum in Regensburg k\u00f6nnen wir Anlagen an jedem beliebigen Ort der Welt hinsichtlich aller wesentlichen technischen Parameter \u00fcberwachen und steuern. Dies erm\u00f6glicht eine hohe Anlagenverf\u00fcgbarkeit und reduziert den Personalbedarf vor Ort.<\/h6><\/header>[\/vc_column_inner][\/vc_row_inner][\/vc_column][\/vc_row][vc_row full_width=&#8221;stretch_row&#8221; kd_background_image_position=&#8221;vc_row-bg-position-top&#8221; css=&#8221;.vc_custom_1653717398256{padding-top: 90px !important;padding-bottom: 90px !important;}&#8221; css_mobile=&#8221;.vc_custom_1653717398257{padding-top: 60px !important;padding-bottom: 60px !important;}&#8221; el_class=&#8221;entrenco-call-to-action&#8221;][vc_column css=&#8221;.vc_custom_1654612739565{padding-top: 70px !important;padding-bottom: 95px !important;background-color: #14295f !important;border-radius: 5px !important;}&#8221; el_class=&#8221;entrenco-dots entrenco-top-right-dots entrenco-bottom-left-dots&#8221;]<header class=\"kd-section-title col-lg-8 vc_col-sm-8 text-center  subtitle-below-title   \" ><h2 class=\"separator_off\" style=\"color: #ffffff;\">Haben Sie Interesse?<\/h2><h6 class=\"subtitle\" style=\"color: #ffffff;\">Kontaktieren Sie uns jetzt kostenlos und unverbindlich. Mit ein paar Informationen zu Ihrem Bedarf, der Lage Ihres Unternehmens und welche Erwartungen Sie haben, k\u00f6nnen wir Sie beraten, wie ein Biomasse-Blockheizkraftwerk f\u00fcr Ihr Unternehmen zum Einsatz kommen kann.<\/h6><\/header><a  href=\"\/kontakt\"  target=\"_self\"  title=\"\"  class=\"tt_button tt_primary_button btn_primary_color  button-center button-action-link    add-margin-right\" ><span class=\"prim_text\">Kontakt aufnehmen<\/span><\/a>[\/vc_column][\/vc_row][vc_row full_width=&#8221;stretch_row&#8221; kd_background_image_position=&#8221;vc_row-bg-position-top&#8221; css=&#8221;.vc_custom_1688140084965{padding-top: 90px !important;padding-bottom: 90px !important;}&#8221; css_mobile=&#8221;.vc_custom_1688140084965{padding-top: 20px !important;padding-bottom: 60px !important;}&#8221; el_class=&#8221;entrenco-services-references&#8221;][vc_column css=&#8221;.vc_custom_1653721949482{padding-right: 0px !important;padding-left: 0px !important;}&#8221; el_class=&#8221;entrenco-dots entrenco-top-right-dots entrenco-top-left-dots&#8221;][vc_row_inner kd_background_image_position=&#8221;vc_row-bg-position-top&#8221; css=&#8221;.vc_custom_1688140179712{padding-top: 124px !important;padding-right: 61px !important;padding-bottom: 50px !important;padding-left: 60px !important;}&#8221; css_mobile=&#8221;.vc_custom_1688140179713{padding-top: 20px !important;padding-right: 0px !important;padding-left: 0px !important;}&#8221; css_tablet_portrait=&#8221;.vc_custom_1688140179713{padding-top: 20px !important;}&#8221;][vc_column_inner width=&#8221;1\/2&#8243; css_mobile=&#8221;.vc_custom_1688140228763{margin-bottom: 20px !important;}&#8221;][vc_single_image image=&#8221;7231&#8243; img_size=&#8221;590&#215;390&#8243; alignment=&#8221;center&#8221; onclick=&#8221;custom_link&#8221; css_animation=&#8221;none&#8221; css=&#8221;.vc_custom_1705995701820{padding-bottom: 30px !important;}&#8221; link=&#8221;\/produkte&#8221;]<header class=\"kd-section-title col-lg-12 text-left  subtitle-below-title   \" ><h3 class=\"separator_off\" >Produkte<\/h3><h6 class=\"subtitle\" >Unser Produktprogramm besteht aus drei Anlagentypen: 50 kWel f\u00fcr Holzpellets, 50 kWel f\u00fcr Holzhackschnitzel und 135 kWel f\u00fcr Holzhackschnitzel und Briketts. Sehen Sie hier weitere Details.<\/h6><\/header><a  href=\"\/produkte\"  target=\"_self\"  title=\"\"  class=\"tt_button tt_secondary_button btn_primary_color  btn-align-left button-action-link    add-margin-right\" ><span class=\"prim_text\">Unsere Produkte<\/span><\/a>[\/vc_column_inner][vc_column_inner width=&#8221;1\/2&#8243; css_mobile=&#8221;.vc_custom_1652960656573{padding-top: 50px !important;}&#8221;][vc_single_image image=&#8221;34&#8243; img_size=&#8221;590&#215;390&#8243; alignment=&#8221;center&#8221; onclick=&#8221;custom_link&#8221; css_animation=&#8221;none&#8221; css=&#8221;.vc_custom_1654612575106{padding-bottom: 30px !important;}&#8221; link=&#8221;\/ueber-uns\/&#8221;]<header class=\"kd-section-title col-lg-12 text-left  subtitle-below-title   \" ><h3 class=\"separator_off\" >\u00dcber Uns<\/h3><h6 class=\"subtitle\" >Erfahren Sie mehr \u00fcber WegscheidEntrenco, unsere Geschichte und Standorte.<\/h6><\/header><a  href=\"\/ueber-uns\/\"  target=\"_self\"  title=\"\"  class=\"tt_button tt_secondary_button btn_primary_color  btn-align-left button-action-link    add-margin-right\" ><span class=\"prim_text\">\u00dcber WegscheidEntrenco<\/span><\/a>[\/vc_column_inner][\/vc_row_inner][\/vc_column][\/vc_row]<\/p>\n<\/div>","protected":false},"excerpt":{"rendered":"<p>[vc_section full_width=&#8221;stretch_row&#8221; css=&#8221;.vc_custom_1653630277709{padding-right: 30px !important;padding-left: 30px !important;}&#8221; el_class=&#8221;entrenco-header-section&#8221; el_id=&#8221;entrenco-header-section&#8221;][vc_row kd_background_image_position=&#8221;vc_row-bg-position-center&#8221; css=&#8221;.vc_custom_1668459863743{padding-top: 300px !important;padding-bottom: 150px !important;background-image: url(https:\/\/we-bioenergy.com\/wp-content\/uploads\/2022\/11\/Holzhackschnitzel-Hand.jpg?id=3582) !important;background-position: center !important;background-repeat: no-repeat [&hellip;]<\/p>\n","protected":false},"author":1,"featured_media":0,"parent":0,"menu_order":0,"comment_status":"closed","ping_status":"closed","template":"","meta":{"footnotes":""},"class_list":["post-2389","page","type-page","status-publish","hentry"],"yoast_head":"<!-- This site is optimized with the Yoast SEO plugin v26.9 - https:\/\/yoast.com\/product\/yoast-seo-wordpress\/ -->\n<title>Rundum-Service f\u00fcr Blockheizkraftwerke - WE<\/title>\n<meta name=\"description\" content=\"Unser Rundum-Service f\u00fcr Blockheizkraftwerke: Mit unserem Plug &amp; Perform Ansatz bieten wir Ihnen eine ganzheitliche Betreuung.\" \/>\n<meta name=\"robots\" content=\"index, follow, max-snippet:-1, max-image-preview:large, max-video-preview:-1\" \/>\n<link rel=\"canonical\" href=\"https:\/\/we-bioenergy.com\/fr\/services\/\" \/>\n<meta property=\"og:locale\" content=\"fr_FR\" \/>\n<meta property=\"og:type\" content=\"article\" \/>\n<meta property=\"og:title\" content=\"Rundum-Service f\u00fcr Blockheizkraftwerke - WE\" \/>\n<meta property=\"og:description\" content=\"Unser Rundum-Service f\u00fcr Blockheizkraftwerke: Mit unserem Plug &amp; Perform Ansatz bieten wir Ihnen eine ganzheitliche Betreuung.\" \/>\n<meta property=\"og:url\" content=\"https:\/\/we-bioenergy.com\/fr\/services\/\" \/>\n<meta property=\"og:site_name\" content=\"WE\" \/>\n<meta property=\"article:modified_time\" content=\"2024-01-23T07:43:17+00:00\" \/>\n<meta name=\"twitter:card\" content=\"summary_large_image\" \/>\n<meta name=\"twitter:label1\" content=\"Dur\u00e9e de lecture estim\u00e9e\" \/>\n\t<meta name=\"twitter:data1\" content=\"5 minutes\" \/>\n<script type=\"application\/ld+json\" class=\"yoast-schema-graph\">{\"@context\":\"https:\/\/schema.org\",\"@graph\":[{\"@type\":\"WebPage\",\"@id\":\"https:\/\/we-bioenergy.com\/fr\/services\/\",\"url\":\"https:\/\/we-bioenergy.com\/fr\/services\/\",\"name\":\"Rundum-Service f\u00fcr Blockheizkraftwerke - WE\",\"isPartOf\":{\"@id\":\"https:\/\/we-bioenergy.com\/#website\"},\"datePublished\":\"2022-04-21T09:20:21+00:00\",\"dateModified\":\"2024-01-23T07:43:17+00:00\",\"description\":\"Unser Rundum-Service f\u00fcr Blockheizkraftwerke: Mit unserem Plug & Perform Ansatz bieten wir Ihnen eine ganzheitliche Betreuung.\",\"breadcrumb\":{\"@id\":\"https:\/\/we-bioenergy.com\/fr\/services\/#breadcrumb\"},\"inLanguage\":\"fr-FR\",\"potentialAction\":[{\"@type\":\"ReadAction\",\"target\":[\"https:\/\/we-bioenergy.com\/fr\/services\/\"]}]},{\"@type\":\"BreadcrumbList\",\"@id\":\"https:\/\/we-bioenergy.com\/fr\/services\/#breadcrumb\",\"itemListElement\":[{\"@type\":\"ListItem\",\"position\":1,\"name\":\"Home\",\"item\":\"https:\/\/we-bioenergy.com\/fr\/\"},{\"@type\":\"ListItem\",\"position\":2,\"name\":\"Services\"}]},{\"@type\":\"WebSite\",\"@id\":\"https:\/\/we-bioenergy.com\/#website\",\"url\":\"https:\/\/we-bioenergy.com\/\",\"name\":\"WE\",\"description\":\"Energy Trend Concepts\",\"publisher\":{\"@id\":\"https:\/\/we-bioenergy.com\/#organization\"},\"potentialAction\":[{\"@type\":\"SearchAction\",\"target\":{\"@type\":\"EntryPoint\",\"urlTemplate\":\"https:\/\/we-bioenergy.com\/?s={search_term_string}\"},\"query-input\":{\"@type\":\"PropertyValueSpecification\",\"valueRequired\":true,\"valueName\":\"search_term_string\"}}],\"inLanguage\":\"fr-FR\"},{\"@type\":\"Organization\",\"@id\":\"https:\/\/we-bioenergy.com\/#organization\",\"name\":\"ENTRENCO\",\"url\":\"https:\/\/we-bioenergy.com\/\",\"logo\":{\"@type\":\"ImageObject\",\"inLanguage\":\"fr-FR\",\"@id\":\"https:\/\/we-bioenergy.com\/#\/schema\/logo\/image\/\",\"url\":\"https:\/\/we-bioenergy.com\/wp-content\/uploads\/2022\/06\/Entrenco-Logo.png\",\"contentUrl\":\"https:\/\/we-bioenergy.com\/wp-content\/uploads\/2022\/06\/Entrenco-Logo.png\",\"width\":1021,\"height\":198,\"caption\":\"ENTRENCO\"},\"image\":{\"@id\":\"https:\/\/we-bioenergy.com\/#\/schema\/logo\/image\/\"}}]}<\/script>\n<!-- \/ Yoast SEO plugin. -->","yoast_head_json":{"title":"Rundum-Service f\u00fcr Blockheizkraftwerke - WE","description":"Unser Rundum-Service f\u00fcr Blockheizkraftwerke: Mit unserem Plug & Perform Ansatz bieten wir Ihnen eine ganzheitliche Betreuung.","robots":{"index":"index","follow":"follow","max-snippet":"max-snippet:-1","max-image-preview":"max-image-preview:large","max-video-preview":"max-video-preview:-1"},"canonical":"https:\/\/we-bioenergy.com\/fr\/services\/","og_locale":"fr_FR","og_type":"article","og_title":"Rundum-Service f\u00fcr Blockheizkraftwerke - WE","og_description":"Unser Rundum-Service f\u00fcr Blockheizkraftwerke: Mit unserem Plug & Perform Ansatz bieten wir Ihnen eine ganzheitliche Betreuung.","og_url":"https:\/\/we-bioenergy.com\/fr\/services\/","og_site_name":"WE","article_modified_time":"2024-01-23T07:43:17+00:00","twitter_card":"summary_large_image","twitter_misc":{"Dur\u00e9e de lecture estim\u00e9e":"5 minutes"},"schema":{"@context":"https:\/\/schema.org","@graph":[{"@type":"WebPage","@id":"https:\/\/we-bioenergy.com\/fr\/services\/","url":"https:\/\/we-bioenergy.com\/fr\/services\/","name":"Rundum-Service f\u00fcr Blockheizkraftwerke - WE","isPartOf":{"@id":"https:\/\/we-bioenergy.com\/#website"},"datePublished":"2022-04-21T09:20:21+00:00","dateModified":"2024-01-23T07:43:17+00:00","description":"Unser Rundum-Service f\u00fcr Blockheizkraftwerke: Mit unserem Plug & Perform Ansatz bieten wir Ihnen eine ganzheitliche Betreuung.","breadcrumb":{"@id":"https:\/\/we-bioenergy.com\/fr\/services\/#breadcrumb"},"inLanguage":"fr-FR","potentialAction":[{"@type":"ReadAction","target":["https:\/\/we-bioenergy.com\/fr\/services\/"]}]},{"@type":"BreadcrumbList","@id":"https:\/\/we-bioenergy.com\/fr\/services\/#breadcrumb","itemListElement":[{"@type":"ListItem","position":1,"name":"Home","item":"https:\/\/we-bioenergy.com\/fr\/"},{"@type":"ListItem","position":2,"name":"Services"}]},{"@type":"WebSite","@id":"https:\/\/we-bioenergy.com\/#website","url":"https:\/\/we-bioenergy.com\/","name":"WE","description":"Energy Trend Concepts","publisher":{"@id":"https:\/\/we-bioenergy.com\/#organization"},"potentialAction":[{"@type":"SearchAction","target":{"@type":"EntryPoint","urlTemplate":"https:\/\/we-bioenergy.com\/?s={search_term_string}"},"query-input":{"@type":"PropertyValueSpecification","valueRequired":true,"valueName":"search_term_string"}}],"inLanguage":"fr-FR"},{"@type":"Organization","@id":"https:\/\/we-bioenergy.com\/#organization","name":"ENTRENCO","url":"https:\/\/we-bioenergy.com\/","logo":{"@type":"ImageObject","inLanguage":"fr-FR","@id":"https:\/\/we-bioenergy.com\/#\/schema\/logo\/image\/","url":"https:\/\/we-bioenergy.com\/wp-content\/uploads\/2022\/06\/Entrenco-Logo.png","contentUrl":"https:\/\/we-bioenergy.com\/wp-content\/uploads\/2022\/06\/Entrenco-Logo.png","width":1021,"height":198,"caption":"ENTRENCO"},"image":{"@id":"https:\/\/we-bioenergy.com\/#\/schema\/logo\/image\/"}}]}},"_links":{"self":[{"href":"https:\/\/we-bioenergy.com\/fr\/wp-json\/wp\/v2\/pages\/2389","targetHints":{"allow":["GET"]}}],"collection":[{"href":"https:\/\/we-bioenergy.com\/fr\/wp-json\/wp\/v2\/pages"}],"about":[{"href":"https:\/\/we-bioenergy.com\/fr\/wp-json\/wp\/v2\/types\/page"}],"author":[{"embeddable":true,"href":"https:\/\/we-bioenergy.com\/fr\/wp-json\/wp\/v2\/users\/1"}],"replies":[{"embeddable":true,"href":"https:\/\/we-bioenergy.com\/fr\/wp-json\/wp\/v2\/comments?post=2389"}],"version-history":[{"count":18,"href":"https:\/\/we-bioenergy.com\/fr\/wp-json\/wp\/v2\/pages\/2389\/revisions"}],"predecessor-version":[{"id":8027,"href":"https:\/\/we-bioenergy.com\/fr\/wp-json\/wp\/v2\/pages\/2389\/revisions\/8027"}],"wp:attachment":[{"href":"https:\/\/we-bioenergy.com\/fr\/wp-json\/wp\/v2\/media?parent=2389"}],"curies":[{"name":"wp","href":"https:\/\/api.w.org\/{rel}","templated":true}]}}