{"id":2383,"date":"2022-06-07T09:35:34","date_gmt":"2022-06-07T09:35:34","guid":{"rendered":"https:\/\/we-bioenergy.com\/kontakt\/beratung\/"},"modified":"2024-04-29T13:59:14","modified_gmt":"2024-04-29T13:59:14","slug":"conseil","status":"publish","type":"page","link":"https:\/\/we-bioenergy.com\/fr\/contact\/conseil\/","title":{"rendered":"Conseil"},"content":{"rendered":"<div class=\"wpb-content-wrapper\"><p>[vc_section el_class=&#8221;entrenco-header-section&#8221; el_id=&#8221;entrenco-header-section&#8221; css=&#8221;.vc_custom_1667829935270{padding-top: 90px !important;}&#8221;][vc_row full_width=&#8221;stretch_row&#8221; kd_background_image_position=&#8221;vc_row-bg-position-top&#8221; css=&#8221;.vc_custom_1652961885424{padding-top: 90px !important;padding-bottom: 25px !important;}&#8221; css_mobile=&#8221;.vc_custom_1652961885425{padding-top: 60px !important;}&#8221;][vc_column]<header class=\"kd-section-title col-lg-12 text-left  subtitle-below-title   \" ><h1 class=\"separator_off\" >Conseil personnalis\u00e9<\/h1><h6 class=\"subtitle\" style=\"color: #000000;\">Vous avez des questions ou vous ne savez pas encore exactement par o\u00f9 commencer?<br \/>\nNous vous proposons une consultation gratuite de 15 minutes sur le th\u00e8me des centrales de cog\u00e9n\u00e9ration \u00e0 biomasse.<br \/>\nIl vous suffit de remplir le formulaire et de choisir le rendez-vous qui vous convient. Nous vous contacterons ensuite par t\u00e9l\u00e9phone \u00e0 la date choisie.<\/h6><\/header><a  href=\"https:\/\/we-bioenergy.com\/fr\/contact\/\"  target=\"_self\"  title=\"Comtact\"  class=\"tt_button tt_secondary_button btn_primary_color  btn-align-left button-action-link icon_left\" ><span class=\"fas fa-angle-left iconita\" ><\/span><span class=\"prim_text\">Retour<\/span><\/a>[\/vc_column][\/vc_row][vc_row kd_background_image_position=&#8221;vc_row-bg-position-top&#8221;][vc_column][vc_raw_html]JTNDJTIxLS0lMjBDYWxlbmRseSUyMElubGluZS1XaWRnZXQlMjBCZWdpbm4lMjAtLSUzRSUwQSUzQ2RpdiUyMGNsYXNzJTNEJTIyY2FsZW5kbHktaW5saW5lLXdpZGdldCUyMiUyMGRhdGEtdXJsJTNEJTIyaHR0cHMlM0ElMkYlMkZjYWxlbmRseS5jb20lMkZtLXp3ZWltdWVsbGVyJTJGMTVtaW4lMjIlMjBzdHlsZSUzRCUyMm1pbi13aWR0aCUzQTMyMHB4JTNCaGVpZ2h0JTNBNzAwcHglM0IlMjIlM0UlM0MlMkZkaXYlM0UlMEElM0NzY3JpcHQlMjB0eXBlJTNEJTIydGV4dCUyRmphdmFzY3JpcHQlMjIlMjBzcmMlM0QlMjJodHRwcyUzQSUyRiUyRmFzc2V0cy5jYWxlbmRseS5jb20lMkZhc3NldHMlMkZleHRlcm5hbCUyRndpZGdldC5qcyUyMiUyMGFzeW5jJTNFJTNDJTJGc2NyaXB0JTNFJTBBJTNDJTIxLS0lMjBDYWxlbmRseSUyMElubGluZS1XaWRnZXQlMjBFbmRlJTIwLS0lM0U=[\/vc_raw_html][\/vc_column][\/vc_row][\/vc_section]<\/p>\n<\/div>","protected":false},"excerpt":{"rendered":"<p>[vc_section el_class=&#8221;entrenco-header-section&#8221; el_id=&#8221;entrenco-header-section&#8221; css=&#8221;.vc_custom_1667829935270{padding-top: 90px !important;}&#8221;][vc_row full_width=&#8221;stretch_row&#8221; kd_background_image_position=&#8221;vc_row-bg-position-top&#8221; css=&#8221;.vc_custom_1652961885424{padding-top: 90px !important;padding-bottom: 25px !important;}&#8221; css_mobile=&#8221;.vc_custom_1652961885425{padding-top: 60px !important;}&#8221;][vc_column][\/vc_column][\/vc_row][vc_row kd_background_image_position=&#8221;vc_row-bg-position-top&#8221;][vc_column][vc_raw_html]JTNDJTIxLS0lMjBDYWxlbmRseSUyMElubGluZS1XaWRnZXQlMjBCZWdpbm4lMjAtLSUzRSUwQSUzQ2RpdiUyMGNsYXNzJTNEJTIyY2FsZW5kbHktaW5saW5lLXdpZGdldCUyMiUyMGRhdGEtdXJsJTNEJTIyaHR0cHMlM0ElMkYlMkZjYWxlbmRseS5jb20lMkZtLXp3ZWltdWVsbGVyJTJGMTVtaW4lMjIlMjBzdHlsZSUzRCUyMm1pbi13aWR0aCUzQTMyMHB4JTNCaGVpZ2h0JTNBNzAwcHglM0IlMjIlM0UlM0MlMkZkaXYlM0UlMEElM0NzY3JpcHQlMjB0eXBlJTNEJTIydGV4dCUyRmphdmFzY3JpcHQlMjIlMjBzcmMlM0QlMjJodHRwcyUzQSUyRiUyRmFzc2V0cy5jYWxlbmRseS5jb20lMkZhc3NldHMlMkZleHRlcm5hbCUyRndpZGdldC5qcyUyMiUyMGFzeW5jJTNFJTNDJTJGc2NyaXB0JTNFJTBBJTNDJTIxLS0lMjBDYWxlbmRseSUyMElubGluZS1XaWRnZXQlMjBFbmRlJTIwLS0lM0U=[\/vc_raw_html][\/vc_column][\/vc_row][\/vc_section]<\/p>\n","protected":false},"author":3,"featured_media":0,"parent":2382,"menu_order":0,"comment_status":"closed","ping_status":"closed","template":"","meta":{"footnotes":""},"class_list":["post-2383","page","type-page","status-publish","hentry"],"yoast_head":"<!-- This site is optimized with the Yoast SEO plugin v26.9 - https:\/\/yoast.com\/product\/yoast-seo-wordpress\/ -->\n<title>Conseil - WE<\/title>\n<meta name=\"description\" content=\"Vous avez des questions ou vous ne savez pas par o\u00f9 commencer? Nous vous proposons un conseil gratuit et personnalis\u00e9 sur le th\u00e8me des centrales de cog\u00e9n\u00e9ration \u00e0 biomasse.\" \/>\n<meta name=\"robots\" content=\"index, follow, max-snippet:-1, max-image-preview:large, max-video-preview:-1\" \/>\n<link rel=\"canonical\" href=\"https:\/\/we-bioenergy.com\/fr\/contact\/conseil\/\" \/>\n<meta property=\"og:locale\" content=\"fr_FR\" \/>\n<meta property=\"og:type\" content=\"article\" \/>\n<meta property=\"og:title\" content=\"Conseil - WE\" \/>\n<meta property=\"og:description\" content=\"Vous avez des questions ou vous ne savez pas par o\u00f9 commencer? Nous vous proposons un conseil gratuit et personnalis\u00e9 sur le th\u00e8me des centrales de cog\u00e9n\u00e9ration \u00e0 biomasse.\" \/>\n<meta property=\"og:url\" content=\"https:\/\/we-bioenergy.com\/fr\/contact\/conseil\/\" \/>\n<meta property=\"og:site_name\" content=\"WE\" \/>\n<meta property=\"article:modified_time\" content=\"2024-04-29T13:59:14+00:00\" \/>\n<meta name=\"twitter:card\" content=\"summary_large_image\" \/>\n<meta name=\"twitter:label1\" content=\"Dur\u00e9e de lecture estim\u00e9e\" \/>\n\t<meta name=\"twitter:data1\" content=\"1 minute\" \/>\n<script type=\"application\/ld+json\" class=\"yoast-schema-graph\">{\"@context\":\"https:\/\/schema.org\",\"@graph\":[{\"@type\":\"WebPage\",\"@id\":\"https:\/\/we-bioenergy.com\/fr\/contact\/conseil\/\",\"url\":\"https:\/\/we-bioenergy.com\/fr\/contact\/conseil\/\",\"name\":\"Conseil - WE\",\"isPartOf\":{\"@id\":\"https:\/\/we-bioenergy.com\/#website\"},\"datePublished\":\"2022-06-07T09:35:34+00:00\",\"dateModified\":\"2024-04-29T13:59:14+00:00\",\"description\":\"Vous avez des questions ou vous ne savez pas par o\u00f9 commencer? Nous vous proposons un conseil gratuit et personnalis\u00e9 sur le th\u00e8me des centrales de cog\u00e9n\u00e9ration \u00e0 biomasse.\",\"breadcrumb\":{\"@id\":\"https:\/\/we-bioenergy.com\/fr\/contact\/conseil\/#breadcrumb\"},\"inLanguage\":\"fr-FR\",\"potentialAction\":[{\"@type\":\"ReadAction\",\"target\":[\"https:\/\/we-bioenergy.com\/fr\/contact\/conseil\/\"]}]},{\"@type\":\"BreadcrumbList\",\"@id\":\"https:\/\/we-bioenergy.com\/fr\/contact\/conseil\/#breadcrumb\",\"itemListElement\":[{\"@type\":\"ListItem\",\"position\":1,\"name\":\"Home\",\"item\":\"https:\/\/we-bioenergy.com\/fr\/\"},{\"@type\":\"ListItem\",\"position\":2,\"name\":\"Contact\",\"item\":\"https:\/\/we-bioenergy.com\/fr\/contact\/\"},{\"@type\":\"ListItem\",\"position\":3,\"name\":\"Conseil\"}]},{\"@type\":\"WebSite\",\"@id\":\"https:\/\/we-bioenergy.com\/#website\",\"url\":\"https:\/\/we-bioenergy.com\/\",\"name\":\"WE\",\"description\":\"Energy Trend Concepts\",\"publisher\":{\"@id\":\"https:\/\/we-bioenergy.com\/#organization\"},\"potentialAction\":[{\"@type\":\"SearchAction\",\"target\":{\"@type\":\"EntryPoint\",\"urlTemplate\":\"https:\/\/we-bioenergy.com\/?s={search_term_string}\"},\"query-input\":{\"@type\":\"PropertyValueSpecification\",\"valueRequired\":true,\"valueName\":\"search_term_string\"}}],\"inLanguage\":\"fr-FR\"},{\"@type\":\"Organization\",\"@id\":\"https:\/\/we-bioenergy.com\/#organization\",\"name\":\"ENTRENCO\",\"url\":\"https:\/\/we-bioenergy.com\/\",\"logo\":{\"@type\":\"ImageObject\",\"inLanguage\":\"fr-FR\",\"@id\":\"https:\/\/we-bioenergy.com\/#\/schema\/logo\/image\/\",\"url\":\"https:\/\/we-bioenergy.com\/wp-content\/uploads\/2022\/06\/Entrenco-Logo.png\",\"contentUrl\":\"https:\/\/we-bioenergy.com\/wp-content\/uploads\/2022\/06\/Entrenco-Logo.png\",\"width\":1021,\"height\":198,\"caption\":\"ENTRENCO\"},\"image\":{\"@id\":\"https:\/\/we-bioenergy.com\/#\/schema\/logo\/image\/\"}}]}<\/script>\n<!-- \/ Yoast SEO plugin. -->","yoast_head_json":{"title":"Conseil - WE","description":"Vous avez des questions ou vous ne savez pas par o\u00f9 commencer? Nous vous proposons un conseil gratuit et personnalis\u00e9 sur le th\u00e8me des centrales de cog\u00e9n\u00e9ration \u00e0 biomasse.","robots":{"index":"index","follow":"follow","max-snippet":"max-snippet:-1","max-image-preview":"max-image-preview:large","max-video-preview":"max-video-preview:-1"},"canonical":"https:\/\/we-bioenergy.com\/fr\/contact\/conseil\/","og_locale":"fr_FR","og_type":"article","og_title":"Conseil - WE","og_description":"Vous avez des questions ou vous ne savez pas par o\u00f9 commencer? Nous vous proposons un conseil gratuit et personnalis\u00e9 sur le th\u00e8me des centrales de cog\u00e9n\u00e9ration \u00e0 biomasse.","og_url":"https:\/\/we-bioenergy.com\/fr\/contact\/conseil\/","og_site_name":"WE","article_modified_time":"2024-04-29T13:59:14+00:00","twitter_card":"summary_large_image","twitter_misc":{"Dur\u00e9e de lecture estim\u00e9e":"1 minute"},"schema":{"@context":"https:\/\/schema.org","@graph":[{"@type":"WebPage","@id":"https:\/\/we-bioenergy.com\/fr\/contact\/conseil\/","url":"https:\/\/we-bioenergy.com\/fr\/contact\/conseil\/","name":"Conseil - WE","isPartOf":{"@id":"https:\/\/we-bioenergy.com\/#website"},"datePublished":"2022-06-07T09:35:34+00:00","dateModified":"2024-04-29T13:59:14+00:00","description":"Vous avez des questions ou vous ne savez pas par o\u00f9 commencer? Nous vous proposons un conseil gratuit et personnalis\u00e9 sur le th\u00e8me des centrales de cog\u00e9n\u00e9ration \u00e0 biomasse.","breadcrumb":{"@id":"https:\/\/we-bioenergy.com\/fr\/contact\/conseil\/#breadcrumb"},"inLanguage":"fr-FR","potentialAction":[{"@type":"ReadAction","target":["https:\/\/we-bioenergy.com\/fr\/contact\/conseil\/"]}]},{"@type":"BreadcrumbList","@id":"https:\/\/we-bioenergy.com\/fr\/contact\/conseil\/#breadcrumb","itemListElement":[{"@type":"ListItem","position":1,"name":"Home","item":"https:\/\/we-bioenergy.com\/fr\/"},{"@type":"ListItem","position":2,"name":"Contact","item":"https:\/\/we-bioenergy.com\/fr\/contact\/"},{"@type":"ListItem","position":3,"name":"Conseil"}]},{"@type":"WebSite","@id":"https:\/\/we-bioenergy.com\/#website","url":"https:\/\/we-bioenergy.com\/","name":"WE","description":"Energy Trend Concepts","publisher":{"@id":"https:\/\/we-bioenergy.com\/#organization"},"potentialAction":[{"@type":"SearchAction","target":{"@type":"EntryPoint","urlTemplate":"https:\/\/we-bioenergy.com\/?s={search_term_string}"},"query-input":{"@type":"PropertyValueSpecification","valueRequired":true,"valueName":"search_term_string"}}],"inLanguage":"fr-FR"},{"@type":"Organization","@id":"https:\/\/we-bioenergy.com\/#organization","name":"ENTRENCO","url":"https:\/\/we-bioenergy.com\/","logo":{"@type":"ImageObject","inLanguage":"fr-FR","@id":"https:\/\/we-bioenergy.com\/#\/schema\/logo\/image\/","url":"https:\/\/we-bioenergy.com\/wp-content\/uploads\/2022\/06\/Entrenco-Logo.png","contentUrl":"https:\/\/we-bioenergy.com\/wp-content\/uploads\/2022\/06\/Entrenco-Logo.png","width":1021,"height":198,"caption":"ENTRENCO"},"image":{"@id":"https:\/\/we-bioenergy.com\/#\/schema\/logo\/image\/"}}]}},"_links":{"self":[{"href":"https:\/\/we-bioenergy.com\/fr\/wp-json\/wp\/v2\/pages\/2383","targetHints":{"allow":["GET"]}}],"collection":[{"href":"https:\/\/we-bioenergy.com\/fr\/wp-json\/wp\/v2\/pages"}],"about":[{"href":"https:\/\/we-bioenergy.com\/fr\/wp-json\/wp\/v2\/types\/page"}],"author":[{"embeddable":true,"href":"https:\/\/we-bioenergy.com\/fr\/wp-json\/wp\/v2\/users\/3"}],"replies":[{"embeddable":true,"href":"https:\/\/we-bioenergy.com\/fr\/wp-json\/wp\/v2\/comments?post=2383"}],"version-history":[{"count":6,"href":"https:\/\/we-bioenergy.com\/fr\/wp-json\/wp\/v2\/pages\/2383\/revisions"}],"predecessor-version":[{"id":8129,"href":"https:\/\/we-bioenergy.com\/fr\/wp-json\/wp\/v2\/pages\/2383\/revisions\/8129"}],"up":[{"embeddable":true,"href":"https:\/\/we-bioenergy.com\/fr\/wp-json\/wp\/v2\/pages\/2382"}],"wp:attachment":[{"href":"https:\/\/we-bioenergy.com\/fr\/wp-json\/wp\/v2\/media?parent=2383"}],"curies":[{"name":"wp","href":"https:\/\/api.w.org\/{rel}","templated":true}]}}