{"id":2382,"date":"2022-04-21T09:22:51","date_gmt":"2022-04-21T09:22:51","guid":{"rendered":"https:\/\/we-bioenergy.com\/kontakt\/"},"modified":"2023-08-31T13:52:10","modified_gmt":"2023-08-31T13:52:10","slug":"contact","status":"publish","type":"page","link":"https:\/\/we-bioenergy.com\/fr\/contact\/","title":{"rendered":"Contact"},"content":{"rendered":"<div class=\"wpb-content-wrapper\"><p>[vc_section el_class=&#8221;entrenco-header-section&#8221; el_id=&#8221;entrenco-header-section&#8221; css=&#8221;.vc_custom_1667829307314{padding-top: 90px !important;}&#8221;][vc_row full_width=&#8221;stretch_row&#8221; kd_background_image_position=&#8221;vc_row-bg-position-top&#8221; css=&#8221;.vc_custom_1652961885424{padding-top: 90px !important;padding-bottom: 25px !important;}&#8221; css_mobile=&#8221;.vc_custom_1652961885425{padding-top: 60px !important;}&#8221;][vc_column]<header class=\"kd-section-title col-lg-12 text-left  subtitle-below-title   \" ><h1 class=\"separator_off\" >Contact<\/h1><h6 class=\"subtitle\" style=\"color: #000000;\">Comment pouvons-nous vous aider?<\/h6><\/header>[\/vc_column][\/vc_row][vc_row equal_height=&#8221;yes&#8221; kd_background_image_position=&#8221;vc_row-bg-position-top&#8221;][vc_column width=&#8221;1\/2&#8243;]<div class=\"cb-container  content-left  disable-box-shadow\" ><div class=\"cb-wrapper\" style=\"background-color: #fff;\"><div class=\"cb-img-area\"><i class=\"fas fa-toolbox\" style=\" \"><\/i> <\/div><div class=\"cb-text-area\"><h4 class=\"cb-heading\" >Je suis int\u00e9ress\u00e9 par une centrale de cog\u00e9n\u00e9ration \u00e0 biomasse<\/h4><p >Donnez-nous quelques informations sur votre entreprise et vos besoins en chaleur et en \u00e9lectricit\u00e9. Ces informations nous permettront de vous donner une premi\u00e8re estimation pour votre concept de cog\u00e9n\u00e9ration.<\/p><a class=\"cb-simple-link\" href=\"https:\/\/we-bioenergy.com\/fr\/contact\/interet\/\" target=\"_self\" >Demander maintenant<\/a><\/div><\/div><\/div>[\/vc_column][vc_column width=&#8221;1\/2&#8243;]<div class=\"cb-container  content-left  disable-box-shadow\" ><div class=\"cb-wrapper\" style=\"background-color: #fff;\"><div class=\"cb-img-area\"><i class=\"fas fa-headset\" style=\" \"><\/i> <\/div><div class=\"cb-text-area\"><h4 class=\"cb-heading\" >Je souhaite un premier conseil personnalis\u00e9<\/h4><p >Vous avez encore des questions sur nos produits ou nos avantages?<br \/>\nNous proposons aux personnes int\u00e9ress\u00e9es une premi\u00e8re consultation gratuite de 15 minutes.<\/p><a class=\"cb-simple-link\" href=\"https:\/\/we-bioenergy.com\/fr\/contact\/conseil\/\" target=\"_self\" >Convenir d'une consultation<\/a><\/div><\/div><\/div>[\/vc_column][\/vc_row][\/vc_section]<\/p>\n<\/div>","protected":false},"excerpt":{"rendered":"<p>[vc_section el_class=&#8221;entrenco-header-section&#8221; el_id=&#8221;entrenco-header-section&#8221; css=&#8221;.vc_custom_1667829307314{padding-top: 90px !important;}&#8221;][vc_row full_width=&#8221;stretch_row&#8221; kd_background_image_position=&#8221;vc_row-bg-position-top&#8221; css=&#8221;.vc_custom_1652961885424{padding-top: 90px !important;padding-bottom: 25px !important;}&#8221; css_mobile=&#8221;.vc_custom_1652961885425{padding-top: 60px !important;}&#8221;][vc_column][\/vc_column][\/vc_row][vc_row equal_height=&#8221;yes&#8221; kd_background_image_position=&#8221;vc_row-bg-position-top&#8221;][vc_column width=&#8221;1\/2&#8243;][\/vc_column][vc_column width=&#8221;1\/2&#8243;][\/vc_column][\/vc_row][\/vc_section]<\/p>\n","protected":false},"author":1,"featured_media":0,"parent":0,"menu_order":0,"comment_status":"closed","ping_status":"closed","template":"","meta":{"footnotes":""},"class_list":["post-2382","page","type-page","status-publish","hentry"],"yoast_head":"<!-- This site is optimized with the Yoast SEO plugin v26.9 - https:\/\/yoast.com\/product\/yoast-seo-wordpress\/ -->\n<title>Contact - WE<\/title>\n<meta name=\"description\" content=\"Contactez-nous pour une premi\u00e8re consultation. Nous proposons des installations de cog\u00e9n\u00e9ration sur mesure et cl\u00e9s en main qui r\u00e9pondent \u00e0 vos besoins.\" \/>\n<meta name=\"robots\" content=\"index, follow, max-snippet:-1, max-image-preview:large, max-video-preview:-1\" \/>\n<link rel=\"canonical\" href=\"https:\/\/we-bioenergy.com\/fr\/contact\/\" \/>\n<meta property=\"og:locale\" content=\"fr_FR\" \/>\n<meta property=\"og:type\" content=\"article\" \/>\n<meta property=\"og:title\" content=\"Contact - WE\" \/>\n<meta property=\"og:description\" content=\"Contactez-nous pour une premi\u00e8re consultation. Nous proposons des installations de cog\u00e9n\u00e9ration sur mesure et cl\u00e9s en main qui r\u00e9pondent \u00e0 vos besoins.\" \/>\n<meta property=\"og:url\" content=\"https:\/\/we-bioenergy.com\/fr\/contact\/\" \/>\n<meta property=\"og:site_name\" content=\"WE\" \/>\n<meta property=\"article:modified_time\" content=\"2023-08-31T13:52:10+00:00\" \/>\n<meta name=\"twitter:card\" content=\"summary_large_image\" \/>\n<meta name=\"twitter:label1\" content=\"Dur\u00e9e de lecture estim\u00e9e\" \/>\n\t<meta name=\"twitter:data1\" content=\"1 minute\" \/>\n<script type=\"application\/ld+json\" class=\"yoast-schema-graph\">{\"@context\":\"https:\/\/schema.org\",\"@graph\":[{\"@type\":\"WebPage\",\"@id\":\"https:\/\/we-bioenergy.com\/fr\/contact\/\",\"url\":\"https:\/\/we-bioenergy.com\/fr\/contact\/\",\"name\":\"Contact - WE\",\"isPartOf\":{\"@id\":\"https:\/\/we-bioenergy.com\/#website\"},\"datePublished\":\"2022-04-21T09:22:51+00:00\",\"dateModified\":\"2023-08-31T13:52:10+00:00\",\"description\":\"Contactez-nous pour une premi\u00e8re consultation. Nous proposons des installations de cog\u00e9n\u00e9ration sur mesure et cl\u00e9s en main qui r\u00e9pondent \u00e0 vos besoins.\",\"breadcrumb\":{\"@id\":\"https:\/\/we-bioenergy.com\/fr\/contact\/#breadcrumb\"},\"inLanguage\":\"fr-FR\",\"potentialAction\":[{\"@type\":\"ReadAction\",\"target\":[\"https:\/\/we-bioenergy.com\/fr\/contact\/\"]}]},{\"@type\":\"BreadcrumbList\",\"@id\":\"https:\/\/we-bioenergy.com\/fr\/contact\/#breadcrumb\",\"itemListElement\":[{\"@type\":\"ListItem\",\"position\":1,\"name\":\"Home\",\"item\":\"https:\/\/we-bioenergy.com\/fr\/\"},{\"@type\":\"ListItem\",\"position\":2,\"name\":\"Contact\"}]},{\"@type\":\"WebSite\",\"@id\":\"https:\/\/we-bioenergy.com\/#website\",\"url\":\"https:\/\/we-bioenergy.com\/\",\"name\":\"WE\",\"description\":\"Energy Trend Concepts\",\"publisher\":{\"@id\":\"https:\/\/we-bioenergy.com\/#organization\"},\"potentialAction\":[{\"@type\":\"SearchAction\",\"target\":{\"@type\":\"EntryPoint\",\"urlTemplate\":\"https:\/\/we-bioenergy.com\/?s={search_term_string}\"},\"query-input\":{\"@type\":\"PropertyValueSpecification\",\"valueRequired\":true,\"valueName\":\"search_term_string\"}}],\"inLanguage\":\"fr-FR\"},{\"@type\":\"Organization\",\"@id\":\"https:\/\/we-bioenergy.com\/#organization\",\"name\":\"ENTRENCO\",\"url\":\"https:\/\/we-bioenergy.com\/\",\"logo\":{\"@type\":\"ImageObject\",\"inLanguage\":\"fr-FR\",\"@id\":\"https:\/\/we-bioenergy.com\/#\/schema\/logo\/image\/\",\"url\":\"https:\/\/we-bioenergy.com\/wp-content\/uploads\/2022\/06\/Entrenco-Logo.png\",\"contentUrl\":\"https:\/\/we-bioenergy.com\/wp-content\/uploads\/2022\/06\/Entrenco-Logo.png\",\"width\":1021,\"height\":198,\"caption\":\"ENTRENCO\"},\"image\":{\"@id\":\"https:\/\/we-bioenergy.com\/#\/schema\/logo\/image\/\"}}]}<\/script>\n<!-- \/ Yoast SEO plugin. -->","yoast_head_json":{"title":"Contact - WE","description":"Contactez-nous pour une premi\u00e8re consultation. Nous proposons des installations de cog\u00e9n\u00e9ration sur mesure et cl\u00e9s en main qui r\u00e9pondent \u00e0 vos besoins.","robots":{"index":"index","follow":"follow","max-snippet":"max-snippet:-1","max-image-preview":"max-image-preview:large","max-video-preview":"max-video-preview:-1"},"canonical":"https:\/\/we-bioenergy.com\/fr\/contact\/","og_locale":"fr_FR","og_type":"article","og_title":"Contact - WE","og_description":"Contactez-nous pour une premi\u00e8re consultation. Nous proposons des installations de cog\u00e9n\u00e9ration sur mesure et cl\u00e9s en main qui r\u00e9pondent \u00e0 vos besoins.","og_url":"https:\/\/we-bioenergy.com\/fr\/contact\/","og_site_name":"WE","article_modified_time":"2023-08-31T13:52:10+00:00","twitter_card":"summary_large_image","twitter_misc":{"Dur\u00e9e de lecture estim\u00e9e":"1 minute"},"schema":{"@context":"https:\/\/schema.org","@graph":[{"@type":"WebPage","@id":"https:\/\/we-bioenergy.com\/fr\/contact\/","url":"https:\/\/we-bioenergy.com\/fr\/contact\/","name":"Contact - WE","isPartOf":{"@id":"https:\/\/we-bioenergy.com\/#website"},"datePublished":"2022-04-21T09:22:51+00:00","dateModified":"2023-08-31T13:52:10+00:00","description":"Contactez-nous pour une premi\u00e8re consultation. Nous proposons des installations de cog\u00e9n\u00e9ration sur mesure et cl\u00e9s en main qui r\u00e9pondent \u00e0 vos besoins.","breadcrumb":{"@id":"https:\/\/we-bioenergy.com\/fr\/contact\/#breadcrumb"},"inLanguage":"fr-FR","potentialAction":[{"@type":"ReadAction","target":["https:\/\/we-bioenergy.com\/fr\/contact\/"]}]},{"@type":"BreadcrumbList","@id":"https:\/\/we-bioenergy.com\/fr\/contact\/#breadcrumb","itemListElement":[{"@type":"ListItem","position":1,"name":"Home","item":"https:\/\/we-bioenergy.com\/fr\/"},{"@type":"ListItem","position":2,"name":"Contact"}]},{"@type":"WebSite","@id":"https:\/\/we-bioenergy.com\/#website","url":"https:\/\/we-bioenergy.com\/","name":"WE","description":"Energy Trend Concepts","publisher":{"@id":"https:\/\/we-bioenergy.com\/#organization"},"potentialAction":[{"@type":"SearchAction","target":{"@type":"EntryPoint","urlTemplate":"https:\/\/we-bioenergy.com\/?s={search_term_string}"},"query-input":{"@type":"PropertyValueSpecification","valueRequired":true,"valueName":"search_term_string"}}],"inLanguage":"fr-FR"},{"@type":"Organization","@id":"https:\/\/we-bioenergy.com\/#organization","name":"ENTRENCO","url":"https:\/\/we-bioenergy.com\/","logo":{"@type":"ImageObject","inLanguage":"fr-FR","@id":"https:\/\/we-bioenergy.com\/#\/schema\/logo\/image\/","url":"https:\/\/we-bioenergy.com\/wp-content\/uploads\/2022\/06\/Entrenco-Logo.png","contentUrl":"https:\/\/we-bioenergy.com\/wp-content\/uploads\/2022\/06\/Entrenco-Logo.png","width":1021,"height":198,"caption":"ENTRENCO"},"image":{"@id":"https:\/\/we-bioenergy.com\/#\/schema\/logo\/image\/"}}]}},"_links":{"self":[{"href":"https:\/\/we-bioenergy.com\/fr\/wp-json\/wp\/v2\/pages\/2382","targetHints":{"allow":["GET"]}}],"collection":[{"href":"https:\/\/we-bioenergy.com\/fr\/wp-json\/wp\/v2\/pages"}],"about":[{"href":"https:\/\/we-bioenergy.com\/fr\/wp-json\/wp\/v2\/types\/page"}],"author":[{"embeddable":true,"href":"https:\/\/we-bioenergy.com\/fr\/wp-json\/wp\/v2\/users\/1"}],"replies":[{"embeddable":true,"href":"https:\/\/we-bioenergy.com\/fr\/wp-json\/wp\/v2\/comments?post=2382"}],"version-history":[{"count":8,"href":"https:\/\/we-bioenergy.com\/fr\/wp-json\/wp\/v2\/pages\/2382\/revisions"}],"predecessor-version":[{"id":7165,"href":"https:\/\/we-bioenergy.com\/fr\/wp-json\/wp\/v2\/pages\/2382\/revisions\/7165"}],"wp:attachment":[{"href":"https:\/\/we-bioenergy.com\/fr\/wp-json\/wp\/v2\/media?parent=2382"}],"curies":[{"name":"wp","href":"https:\/\/api.w.org\/{rel}","templated":true}]}}