{"id":2381,"date":"2022-06-06T13:09:49","date_gmt":"2022-06-06T13:09:49","guid":{"rendered":"https:\/\/we-bioenergy.com\/impressum\/"},"modified":"2023-09-26T12:22:27","modified_gmt":"2023-09-26T12:22:27","slug":"impressum","status":"publish","type":"page","link":"https:\/\/we-bioenergy.com\/fr\/impressum\/","title":{"rendered":"Impressum"},"content":{"rendered":"<div class=\"wpb-content-wrapper\"><p>[vc_section el_class=&#8221;entrenco-header-section&#8221; el_id=&#8221;entrenco-header-section&#8221; css=&#8221;.vc_custom_1667829549845{padding-top: 90px !important;}&#8221;][vc_row full_width=&#8221;stretch_row&#8221; kd_background_image_position=&#8221;vc_row-bg-position-top&#8221; css=&#8221;.vc_custom_1652961885424{padding-top: 90px !important;padding-bottom: 25px !important;}&#8221; css_mobile=&#8221;.vc_custom_1652961885425{padding-top: 60px !important;}&#8221;][vc_column]<header class=\"kd-section-title col-lg-12 text-left  subtitle-below-title   \" ><h1 class=\"separator_off\" >Impressum<\/h1><\/header>[vc_column_text]<strong>WegscheidEntrenco GmbH<br \/>\n\u200d<\/strong>Frankenstra\u00dfe 9<br \/>\n93059 Regensburg<br \/>\nTelefon: + 49 (0) 941 89796693<br \/>\nE-Mail: info@we-bioenergy.com<\/p>\n<p>Alleinvertretungsberechtigter Gesch\u00e4ftsf\u00fchrer: Egbert Freiherr von Cramm<br \/>\nRegistergericht: Amtsgericht Regensburg<br \/>\nRegisternummer: HRB 17110<\/p>\n<p>Ust:-Id:Nr.: DE322271052<\/p>\n<p>Inhaltlich Verantwortlicher gem\u00e4\u00df \u00a7 55 Abs. 2 RStV: Egbert Freiherr von Cramm<\/p>\n<p><strong>Haftungshinweis:<\/strong><br \/>\nTrotz sorgf\u00e4ltiger inhaltlicher Kontrolle \u00fcbernehmen wir keine Haftung f\u00fcr die Inhalte externer Links. F\u00fcr den Inhalt der verlinkten Seiten sind ausschlie\u00dflich deren Betreiber verantwortlich.<\/p>\n<p>Alle Angaben beruhen auf Ausk\u00fcnften der Eigent\u00fcmer. Diese Angebote sind freibleibend und unverbindlich. Irrtum, Auslassung, Schreibfehler und Zwischenverkauf bleiben vorbehalten.<\/p>\n<p><strong>Bildrechte:<\/strong><br \/>\nWegscheidEntrenco, Shutterstock, Rawpixel[\/vc_column_text][\/vc_column][\/vc_row][\/vc_section]<\/p>\n<\/div>","protected":false},"excerpt":{"rendered":"<p>[vc_section el_class=&#8221;entrenco-header-section&#8221; el_id=&#8221;entrenco-header-section&#8221; css=&#8221;.vc_custom_1667829549845{padding-top: 90px !important;}&#8221;][vc_row full_width=&#8221;stretch_row&#8221; kd_background_image_position=&#8221;vc_row-bg-position-top&#8221; css=&#8221;.vc_custom_1652961885424{padding-top: 90px !important;padding-bottom: 25px !important;}&#8221; css_mobile=&#8221;.vc_custom_1652961885425{padding-top: 60px !important;}&#8221;][vc_column][vc_column_text]WegscheidEntrenco GmbH \u200dFrankenstra\u00dfe 9 93059 [&hellip;]<\/p>\n","protected":false},"author":3,"featured_media":0,"parent":0,"menu_order":0,"comment_status":"closed","ping_status":"closed","template":"","meta":{"footnotes":""},"class_list":["post-2381","page","type-page","status-publish","hentry"],"yoast_head":"<!-- This site is optimized with the Yoast SEO plugin v26.9 - https:\/\/yoast.com\/product\/yoast-seo-wordpress\/ -->\n<title>Impressum WegscheidEntrenco<\/title>\n<meta name=\"description\" content=\"Entrenco. Gesch\u00e4ftsf\u00fchrer: Egbert Freiherr von Cramm. Frankenstra\u00dfe 993059 Regensburg. \u260e: + 49 (0) 941 89796693\" \/>\n<meta name=\"robots\" content=\"index, follow, max-snippet:-1, max-image-preview:large, max-video-preview:-1\" \/>\n<link rel=\"canonical\" href=\"https:\/\/we-bioenergy.com\/fr\/impressum\/\" \/>\n<meta property=\"og:locale\" content=\"fr_FR\" \/>\n<meta property=\"og:type\" content=\"article\" \/>\n<meta property=\"og:title\" content=\"Impressum WegscheidEntrenco\" \/>\n<meta property=\"og:description\" content=\"Entrenco. Gesch\u00e4ftsf\u00fchrer: Egbert Freiherr von Cramm. Frankenstra\u00dfe 993059 Regensburg. \u260e: + 49 (0) 941 89796693\" \/>\n<meta property=\"og:url\" content=\"https:\/\/we-bioenergy.com\/fr\/impressum\/\" \/>\n<meta property=\"og:site_name\" content=\"WE\" \/>\n<meta property=\"article:modified_time\" content=\"2023-09-26T12:22:27+00:00\" \/>\n<meta name=\"twitter:card\" content=\"summary_large_image\" \/>\n<meta name=\"twitter:label1\" content=\"Dur\u00e9e de lecture estim\u00e9e\" \/>\n\t<meta name=\"twitter:data1\" content=\"1 minute\" \/>\n<script type=\"application\/ld+json\" class=\"yoast-schema-graph\">{\"@context\":\"https:\/\/schema.org\",\"@graph\":[{\"@type\":\"WebPage\",\"@id\":\"https:\/\/we-bioenergy.com\/fr\/impressum\/\",\"url\":\"https:\/\/we-bioenergy.com\/fr\/impressum\/\",\"name\":\"Impressum WegscheidEntrenco\",\"isPartOf\":{\"@id\":\"https:\/\/we-bioenergy.com\/#website\"},\"datePublished\":\"2022-06-06T13:09:49+00:00\",\"dateModified\":\"2023-09-26T12:22:27+00:00\",\"description\":\"Entrenco. Gesch\u00e4ftsf\u00fchrer: Egbert Freiherr von Cramm. Frankenstra\u00dfe 993059 Regensburg. \u260e: + 49 (0) 941 89796693\",\"breadcrumb\":{\"@id\":\"https:\/\/we-bioenergy.com\/fr\/impressum\/#breadcrumb\"},\"inLanguage\":\"fr-FR\",\"potentialAction\":[{\"@type\":\"ReadAction\",\"target\":[\"https:\/\/we-bioenergy.com\/fr\/impressum\/\"]}]},{\"@type\":\"BreadcrumbList\",\"@id\":\"https:\/\/we-bioenergy.com\/fr\/impressum\/#breadcrumb\",\"itemListElement\":[{\"@type\":\"ListItem\",\"position\":1,\"name\":\"Home\",\"item\":\"https:\/\/we-bioenergy.com\/fr\/\"},{\"@type\":\"ListItem\",\"position\":2,\"name\":\"Impressum\"}]},{\"@type\":\"WebSite\",\"@id\":\"https:\/\/we-bioenergy.com\/#website\",\"url\":\"https:\/\/we-bioenergy.com\/\",\"name\":\"WE\",\"description\":\"Energy Trend Concepts\",\"publisher\":{\"@id\":\"https:\/\/we-bioenergy.com\/#organization\"},\"potentialAction\":[{\"@type\":\"SearchAction\",\"target\":{\"@type\":\"EntryPoint\",\"urlTemplate\":\"https:\/\/we-bioenergy.com\/?s={search_term_string}\"},\"query-input\":{\"@type\":\"PropertyValueSpecification\",\"valueRequired\":true,\"valueName\":\"search_term_string\"}}],\"inLanguage\":\"fr-FR\"},{\"@type\":\"Organization\",\"@id\":\"https:\/\/we-bioenergy.com\/#organization\",\"name\":\"ENTRENCO\",\"url\":\"https:\/\/we-bioenergy.com\/\",\"logo\":{\"@type\":\"ImageObject\",\"inLanguage\":\"fr-FR\",\"@id\":\"https:\/\/we-bioenergy.com\/#\/schema\/logo\/image\/\",\"url\":\"https:\/\/we-bioenergy.com\/wp-content\/uploads\/2022\/06\/Entrenco-Logo.png\",\"contentUrl\":\"https:\/\/we-bioenergy.com\/wp-content\/uploads\/2022\/06\/Entrenco-Logo.png\",\"width\":1021,\"height\":198,\"caption\":\"ENTRENCO\"},\"image\":{\"@id\":\"https:\/\/we-bioenergy.com\/#\/schema\/logo\/image\/\"}}]}<\/script>\n<!-- \/ Yoast SEO plugin. -->","yoast_head_json":{"title":"Impressum WegscheidEntrenco","description":"Entrenco. Gesch\u00e4ftsf\u00fchrer: Egbert Freiherr von Cramm. Frankenstra\u00dfe 993059 Regensburg. \u260e: + 49 (0) 941 89796693","robots":{"index":"index","follow":"follow","max-snippet":"max-snippet:-1","max-image-preview":"max-image-preview:large","max-video-preview":"max-video-preview:-1"},"canonical":"https:\/\/we-bioenergy.com\/fr\/impressum\/","og_locale":"fr_FR","og_type":"article","og_title":"Impressum WegscheidEntrenco","og_description":"Entrenco. Gesch\u00e4ftsf\u00fchrer: Egbert Freiherr von Cramm. Frankenstra\u00dfe 993059 Regensburg. \u260e: + 49 (0) 941 89796693","og_url":"https:\/\/we-bioenergy.com\/fr\/impressum\/","og_site_name":"WE","article_modified_time":"2023-09-26T12:22:27+00:00","twitter_card":"summary_large_image","twitter_misc":{"Dur\u00e9e de lecture estim\u00e9e":"1 minute"},"schema":{"@context":"https:\/\/schema.org","@graph":[{"@type":"WebPage","@id":"https:\/\/we-bioenergy.com\/fr\/impressum\/","url":"https:\/\/we-bioenergy.com\/fr\/impressum\/","name":"Impressum WegscheidEntrenco","isPartOf":{"@id":"https:\/\/we-bioenergy.com\/#website"},"datePublished":"2022-06-06T13:09:49+00:00","dateModified":"2023-09-26T12:22:27+00:00","description":"Entrenco. Gesch\u00e4ftsf\u00fchrer: Egbert Freiherr von Cramm. Frankenstra\u00dfe 993059 Regensburg. \u260e: + 49 (0) 941 89796693","breadcrumb":{"@id":"https:\/\/we-bioenergy.com\/fr\/impressum\/#breadcrumb"},"inLanguage":"fr-FR","potentialAction":[{"@type":"ReadAction","target":["https:\/\/we-bioenergy.com\/fr\/impressum\/"]}]},{"@type":"BreadcrumbList","@id":"https:\/\/we-bioenergy.com\/fr\/impressum\/#breadcrumb","itemListElement":[{"@type":"ListItem","position":1,"name":"Home","item":"https:\/\/we-bioenergy.com\/fr\/"},{"@type":"ListItem","position":2,"name":"Impressum"}]},{"@type":"WebSite","@id":"https:\/\/we-bioenergy.com\/#website","url":"https:\/\/we-bioenergy.com\/","name":"WE","description":"Energy Trend Concepts","publisher":{"@id":"https:\/\/we-bioenergy.com\/#organization"},"potentialAction":[{"@type":"SearchAction","target":{"@type":"EntryPoint","urlTemplate":"https:\/\/we-bioenergy.com\/?s={search_term_string}"},"query-input":{"@type":"PropertyValueSpecification","valueRequired":true,"valueName":"search_term_string"}}],"inLanguage":"fr-FR"},{"@type":"Organization","@id":"https:\/\/we-bioenergy.com\/#organization","name":"ENTRENCO","url":"https:\/\/we-bioenergy.com\/","logo":{"@type":"ImageObject","inLanguage":"fr-FR","@id":"https:\/\/we-bioenergy.com\/#\/schema\/logo\/image\/","url":"https:\/\/we-bioenergy.com\/wp-content\/uploads\/2022\/06\/Entrenco-Logo.png","contentUrl":"https:\/\/we-bioenergy.com\/wp-content\/uploads\/2022\/06\/Entrenco-Logo.png","width":1021,"height":198,"caption":"ENTRENCO"},"image":{"@id":"https:\/\/we-bioenergy.com\/#\/schema\/logo\/image\/"}}]}},"_links":{"self":[{"href":"https:\/\/we-bioenergy.com\/fr\/wp-json\/wp\/v2\/pages\/2381","targetHints":{"allow":["GET"]}}],"collection":[{"href":"https:\/\/we-bioenergy.com\/fr\/wp-json\/wp\/v2\/pages"}],"about":[{"href":"https:\/\/we-bioenergy.com\/fr\/wp-json\/wp\/v2\/types\/page"}],"author":[{"embeddable":true,"href":"https:\/\/we-bioenergy.com\/fr\/wp-json\/wp\/v2\/users\/3"}],"replies":[{"embeddable":true,"href":"https:\/\/we-bioenergy.com\/fr\/wp-json\/wp\/v2\/comments?post=2381"}],"version-history":[{"count":10,"href":"https:\/\/we-bioenergy.com\/fr\/wp-json\/wp\/v2\/pages\/2381\/revisions"}],"predecessor-version":[{"id":7393,"href":"https:\/\/we-bioenergy.com\/fr\/wp-json\/wp\/v2\/pages\/2381\/revisions\/7393"}],"wp:attachment":[{"href":"https:\/\/we-bioenergy.com\/fr\/wp-json\/wp\/v2\/media?parent=2381"}],"curies":[{"name":"wp","href":"https:\/\/api.w.org\/{rel}","templated":true}]}}