{"id":7385,"date":"2022-06-07T09:35:34","date_gmt":"2022-06-07T09:35:34","guid":{"rendered":"https:\/\/we-bioenergy.com\/contacto\/beratung\/"},"modified":"2024-04-29T14:05:30","modified_gmt":"2024-04-29T14:05:30","slug":"asesoramiento","status":"publish","type":"page","link":"https:\/\/we-bioenergy.com\/es\/contacto\/asesoramiento\/","title":{"rendered":"Asesoramiento"},"content":{"rendered":"<div class=\"wpb-content-wrapper\"><p>[vc_section el_class=&#8221;entrenco-header-section&#8221; el_id=&#8221;entrenco-header-section&#8221; css=&#8221;.vc_custom_1667829935270{padding-top: 90px !important;}&#8221;][vc_row full_width=&#8221;stretch_row&#8221; kd_background_image_position=&#8221;vc_row-bg-position-top&#8221; css=&#8221;.vc_custom_1652961885424{padding-top: 90px !important;padding-bottom: 25px !important;}&#8221; css_mobile=&#8221;.vc_custom_1652961885425{padding-top: 60px !important;}&#8221;][vc_column]<header class=\"kd-section-title col-lg-12 text-left  subtitle-below-title   \" ><h1 class=\"separator_off\" >Asesoramiento personal<\/h1><h6 class=\"subtitle\" style=\"color: #000000;\">\u00bfTiene preguntas o no sabe exactamente por d\u00f3nde empezar?<br \/>\nLe ofrecemos una consulta gratuita de 15 minutos sobre el tema de las cogeneraciones por biomasa.<br \/>\nS\u00f3lo tiene que rellenar el formulario y elegir una cita adecuada. A continuaci\u00f3n nos pondremos en contacto con usted por tel\u00e9fono a la hora que elija.<\/h6><\/header><a  href=\"https:\/\/we-bioenergy.com\/es\/contacto\"  target=\"_self\"  title=\"Contacto\"  class=\"tt_button tt_secondary_button btn_primary_color  btn-align-left button-action-link icon_left\" ><span class=\"fas fa-angle-left iconita\" ><\/span><span class=\"prim_text\">Volver<\/span><\/a>[\/vc_column][\/vc_row][vc_row kd_background_image_position=&#8221;vc_row-bg-position-top&#8221;][vc_column][vc_raw_html]JTNDJTIxLS0lMjBDYWxlbmRseSUyMElubGluZS1XaWRnZXQlMjBCZWdpbm4lMjAtLSUzRSUwQSUzQ2RpdiUyMGNsYXNzJTNEJTIyY2FsZW5kbHktaW5saW5lLXdpZGdldCUyMiUyMGRhdGEtdXJsJTNEJTIyaHR0cHMlM0ElMkYlMkZjYWxlbmRseS5jb20lMkZtLXp3ZWltdWVsbGVyJTJGMTVtaW4lMjIlMjBzdHlsZSUzRCUyMm1pbi13aWR0aCUzQTMyMHB4JTNCaGVpZ2h0JTNBNzAwcHglM0IlMjIlM0UlM0MlMkZkaXYlM0UlMEElM0NzY3JpcHQlMjB0eXBlJTNEJTIydGV4dCUyRmphdmFzY3JpcHQlMjIlMjBzcmMlM0QlMjJodHRwcyUzQSUyRiUyRmFzc2V0cy5jYWxlbmRseS5jb20lMkZhc3NldHMlMkZleHRlcm5hbCUyRndpZGdldC5qcyUyMiUyMGFzeW5jJTNFJTNDJTJGc2NyaXB0JTNFJTBBJTNDJTIxLS0lMjBDYWxlbmRseSUyMElubGluZS1XaWRnZXQlMjBFbmRlJTIwLS0lM0U=[\/vc_raw_html][\/vc_column][\/vc_row][\/vc_section]<\/p>\n<\/div>","protected":false},"excerpt":{"rendered":"<p>[vc_section el_class=&#8221;entrenco-header-section&#8221; el_id=&#8221;entrenco-header-section&#8221; css=&#8221;.vc_custom_1667829935270{padding-top: 90px !important;}&#8221;][vc_row full_width=&#8221;stretch_row&#8221; kd_background_image_position=&#8221;vc_row-bg-position-top&#8221; css=&#8221;.vc_custom_1652961885424{padding-top: 90px !important;padding-bottom: 25px !important;}&#8221; css_mobile=&#8221;.vc_custom_1652961885425{padding-top: 60px !important;}&#8221;][vc_column][\/vc_column][\/vc_row][vc_row kd_background_image_position=&#8221;vc_row-bg-position-top&#8221;][vc_column][vc_raw_html]JTNDJTIxLS0lMjBDYWxlbmRseSUyMElubGluZS1XaWRnZXQlMjBCZWdpbm4lMjAtLSUzRSUwQSUzQ2RpdiUyMGNsYXNzJTNEJTIyY2FsZW5kbHktaW5saW5lLXdpZGdldCUyMiUyMGRhdGEtdXJsJTNEJTIyaHR0cHMlM0ElMkYlMkZjYWxlbmRseS5jb20lMkZtLXp3ZWltdWVsbGVyJTJGMTVtaW4lMjIlMjBzdHlsZSUzRCUyMm1pbi13aWR0aCUzQTMyMHB4JTNCaGVpZ2h0JTNBNzAwcHglM0IlMjIlM0UlM0MlMkZkaXYlM0UlMEElM0NzY3JpcHQlMjB0eXBlJTNEJTIydGV4dCUyRmphdmFzY3JpcHQlMjIlMjBzcmMlM0QlMjJodHRwcyUzQSUyRiUyRmFzc2V0cy5jYWxlbmRseS5jb20lMkZhc3NldHMlMkZleHRlcm5hbCUyRndpZGdldC5qcyUyMiUyMGFzeW5jJTNFJTNDJTJGc2NyaXB0JTNFJTBBJTNDJTIxLS0lMjBDYWxlbmRseSUyMElubGluZS1XaWRnZXQlMjBFbmRlJTIwLS0lM0U=[\/vc_raw_html][\/vc_column][\/vc_row][\/vc_section]<\/p>\n","protected":false},"author":3,"featured_media":0,"parent":7378,"menu_order":0,"comment_status":"closed","ping_status":"closed","template":"","meta":{"footnotes":""},"class_list":["post-7385","page","type-page","status-publish","hentry"],"yoast_head":"<!-- This site is optimized with the Yoast SEO plugin v26.9 - https:\/\/yoast.com\/product\/yoast-seo-wordpress\/ -->\n<title>Asesoramiento personal Cogeneraci\u00f3n de biomasa - WE<\/title>\n<meta name=\"description\" content=\"\u00bfTiene preguntas o no sabe por d\u00f3nde empezar? Le ofrecemos asesoramiento gratuito y personalizado sobre el tema de la cogeneraci\u00f3n de biomasa.\" \/>\n<meta name=\"robots\" content=\"index, follow, max-snippet:-1, max-image-preview:large, max-video-preview:-1\" \/>\n<link rel=\"canonical\" href=\"https:\/\/we-bioenergy.com\/es\/contacto\/asesoramiento\/\" \/>\n<meta property=\"og:locale\" content=\"es_ES\" \/>\n<meta property=\"og:type\" content=\"article\" \/>\n<meta property=\"og:title\" content=\"Asesoramiento personal Cogeneraci\u00f3n de biomasa - WE\" \/>\n<meta property=\"og:description\" content=\"\u00bfTiene preguntas o no sabe por d\u00f3nde empezar? Le ofrecemos asesoramiento gratuito y personalizado sobre el tema de la cogeneraci\u00f3n de biomasa.\" \/>\n<meta property=\"og:url\" content=\"https:\/\/we-bioenergy.com\/es\/contacto\/asesoramiento\/\" \/>\n<meta property=\"og:site_name\" content=\"WE\" \/>\n<meta property=\"article:modified_time\" content=\"2024-04-29T14:05:30+00:00\" \/>\n<meta name=\"twitter:card\" content=\"summary_large_image\" \/>\n<meta name=\"twitter:label1\" content=\"Tiempo de lectura\" \/>\n\t<meta name=\"twitter:data1\" content=\"1 minuto\" \/>\n<script type=\"application\/ld+json\" class=\"yoast-schema-graph\">{\"@context\":\"https:\/\/schema.org\",\"@graph\":[{\"@type\":\"WebPage\",\"@id\":\"https:\/\/we-bioenergy.com\/es\/contacto\/asesoramiento\/\",\"url\":\"https:\/\/we-bioenergy.com\/es\/contacto\/asesoramiento\/\",\"name\":\"Asesoramiento personal Cogeneraci\u00f3n de biomasa - WE\",\"isPartOf\":{\"@id\":\"https:\/\/we-bioenergy.com\/#website\"},\"datePublished\":\"2022-06-07T09:35:34+00:00\",\"dateModified\":\"2024-04-29T14:05:30+00:00\",\"description\":\"\u00bfTiene preguntas o no sabe por d\u00f3nde empezar? Le ofrecemos asesoramiento gratuito y personalizado sobre el tema de la cogeneraci\u00f3n de biomasa.\",\"breadcrumb\":{\"@id\":\"https:\/\/we-bioenergy.com\/es\/contacto\/asesoramiento\/#breadcrumb\"},\"inLanguage\":\"es\",\"potentialAction\":[{\"@type\":\"ReadAction\",\"target\":[\"https:\/\/we-bioenergy.com\/es\/contacto\/asesoramiento\/\"]}]},{\"@type\":\"BreadcrumbList\",\"@id\":\"https:\/\/we-bioenergy.com\/es\/contacto\/asesoramiento\/#breadcrumb\",\"itemListElement\":[{\"@type\":\"ListItem\",\"position\":1,\"name\":\"Home\",\"item\":\"https:\/\/we-bioenergy.com\/es\/\"},{\"@type\":\"ListItem\",\"position\":2,\"name\":\"Contacto\",\"item\":\"https:\/\/we-bioenergy.com\/es\/contacto\/\"},{\"@type\":\"ListItem\",\"position\":3,\"name\":\"Asesoramiento\"}]},{\"@type\":\"WebSite\",\"@id\":\"https:\/\/we-bioenergy.com\/#website\",\"url\":\"https:\/\/we-bioenergy.com\/\",\"name\":\"WE\",\"description\":\"Energy Trend Concepts\",\"publisher\":{\"@id\":\"https:\/\/we-bioenergy.com\/#organization\"},\"potentialAction\":[{\"@type\":\"SearchAction\",\"target\":{\"@type\":\"EntryPoint\",\"urlTemplate\":\"https:\/\/we-bioenergy.com\/?s={search_term_string}\"},\"query-input\":{\"@type\":\"PropertyValueSpecification\",\"valueRequired\":true,\"valueName\":\"search_term_string\"}}],\"inLanguage\":\"es\"},{\"@type\":\"Organization\",\"@id\":\"https:\/\/we-bioenergy.com\/#organization\",\"name\":\"ENTRENCO\",\"url\":\"https:\/\/we-bioenergy.com\/\",\"logo\":{\"@type\":\"ImageObject\",\"inLanguage\":\"es\",\"@id\":\"https:\/\/we-bioenergy.com\/#\/schema\/logo\/image\/\",\"url\":\"https:\/\/we-bioenergy.com\/wp-content\/uploads\/2022\/06\/Entrenco-Logo.png\",\"contentUrl\":\"https:\/\/we-bioenergy.com\/wp-content\/uploads\/2022\/06\/Entrenco-Logo.png\",\"width\":1021,\"height\":198,\"caption\":\"ENTRENCO\"},\"image\":{\"@id\":\"https:\/\/we-bioenergy.com\/#\/schema\/logo\/image\/\"}}]}<\/script>\n<!-- \/ Yoast SEO plugin. -->","yoast_head_json":{"title":"Asesoramiento personal Cogeneraci\u00f3n de biomasa - WE","description":"\u00bfTiene preguntas o no sabe por d\u00f3nde empezar? Le ofrecemos asesoramiento gratuito y personalizado sobre el tema de la cogeneraci\u00f3n de biomasa.","robots":{"index":"index","follow":"follow","max-snippet":"max-snippet:-1","max-image-preview":"max-image-preview:large","max-video-preview":"max-video-preview:-1"},"canonical":"https:\/\/we-bioenergy.com\/es\/contacto\/asesoramiento\/","og_locale":"es_ES","og_type":"article","og_title":"Asesoramiento personal Cogeneraci\u00f3n de biomasa - WE","og_description":"\u00bfTiene preguntas o no sabe por d\u00f3nde empezar? Le ofrecemos asesoramiento gratuito y personalizado sobre el tema de la cogeneraci\u00f3n de biomasa.","og_url":"https:\/\/we-bioenergy.com\/es\/contacto\/asesoramiento\/","og_site_name":"WE","article_modified_time":"2024-04-29T14:05:30+00:00","twitter_card":"summary_large_image","twitter_misc":{"Tiempo de lectura":"1 minuto"},"schema":{"@context":"https:\/\/schema.org","@graph":[{"@type":"WebPage","@id":"https:\/\/we-bioenergy.com\/es\/contacto\/asesoramiento\/","url":"https:\/\/we-bioenergy.com\/es\/contacto\/asesoramiento\/","name":"Asesoramiento personal Cogeneraci\u00f3n de biomasa - WE","isPartOf":{"@id":"https:\/\/we-bioenergy.com\/#website"},"datePublished":"2022-06-07T09:35:34+00:00","dateModified":"2024-04-29T14:05:30+00:00","description":"\u00bfTiene preguntas o no sabe por d\u00f3nde empezar? Le ofrecemos asesoramiento gratuito y personalizado sobre el tema de la cogeneraci\u00f3n de biomasa.","breadcrumb":{"@id":"https:\/\/we-bioenergy.com\/es\/contacto\/asesoramiento\/#breadcrumb"},"inLanguage":"es","potentialAction":[{"@type":"ReadAction","target":["https:\/\/we-bioenergy.com\/es\/contacto\/asesoramiento\/"]}]},{"@type":"BreadcrumbList","@id":"https:\/\/we-bioenergy.com\/es\/contacto\/asesoramiento\/#breadcrumb","itemListElement":[{"@type":"ListItem","position":1,"name":"Home","item":"https:\/\/we-bioenergy.com\/es\/"},{"@type":"ListItem","position":2,"name":"Contacto","item":"https:\/\/we-bioenergy.com\/es\/contacto\/"},{"@type":"ListItem","position":3,"name":"Asesoramiento"}]},{"@type":"WebSite","@id":"https:\/\/we-bioenergy.com\/#website","url":"https:\/\/we-bioenergy.com\/","name":"WE","description":"Energy Trend Concepts","publisher":{"@id":"https:\/\/we-bioenergy.com\/#organization"},"potentialAction":[{"@type":"SearchAction","target":{"@type":"EntryPoint","urlTemplate":"https:\/\/we-bioenergy.com\/?s={search_term_string}"},"query-input":{"@type":"PropertyValueSpecification","valueRequired":true,"valueName":"search_term_string"}}],"inLanguage":"es"},{"@type":"Organization","@id":"https:\/\/we-bioenergy.com\/#organization","name":"ENTRENCO","url":"https:\/\/we-bioenergy.com\/","logo":{"@type":"ImageObject","inLanguage":"es","@id":"https:\/\/we-bioenergy.com\/#\/schema\/logo\/image\/","url":"https:\/\/we-bioenergy.com\/wp-content\/uploads\/2022\/06\/Entrenco-Logo.png","contentUrl":"https:\/\/we-bioenergy.com\/wp-content\/uploads\/2022\/06\/Entrenco-Logo.png","width":1021,"height":198,"caption":"ENTRENCO"},"image":{"@id":"https:\/\/we-bioenergy.com\/#\/schema\/logo\/image\/"}}]}},"_links":{"self":[{"href":"https:\/\/we-bioenergy.com\/es\/wp-json\/wp\/v2\/pages\/7385","targetHints":{"allow":["GET"]}}],"collection":[{"href":"https:\/\/we-bioenergy.com\/es\/wp-json\/wp\/v2\/pages"}],"about":[{"href":"https:\/\/we-bioenergy.com\/es\/wp-json\/wp\/v2\/types\/page"}],"author":[{"embeddable":true,"href":"https:\/\/we-bioenergy.com\/es\/wp-json\/wp\/v2\/users\/3"}],"replies":[{"embeddable":true,"href":"https:\/\/we-bioenergy.com\/es\/wp-json\/wp\/v2\/comments?post=7385"}],"version-history":[{"count":4,"href":"https:\/\/we-bioenergy.com\/es\/wp-json\/wp\/v2\/pages\/7385\/revisions"}],"predecessor-version":[{"id":8140,"href":"https:\/\/we-bioenergy.com\/es\/wp-json\/wp\/v2\/pages\/7385\/revisions\/8140"}],"up":[{"embeddable":true,"href":"https:\/\/we-bioenergy.com\/es\/wp-json\/wp\/v2\/pages\/7378"}],"wp:attachment":[{"href":"https:\/\/we-bioenergy.com\/es\/wp-json\/wp\/v2\/media?parent=7385"}],"curies":[{"name":"wp","href":"https:\/\/api.w.org\/{rel}","templated":true}]}}