{"id":7378,"date":"2022-04-21T09:22:51","date_gmt":"2022-04-21T09:22:51","guid":{"rendered":"https:\/\/we-bioenergy.com\/kontakt\/"},"modified":"2023-09-25T08:45:03","modified_gmt":"2023-09-25T08:45:03","slug":"contacto","status":"publish","type":"page","link":"https:\/\/we-bioenergy.com\/es\/contacto\/","title":{"rendered":"Contacto"},"content":{"rendered":"<div class=\"wpb-content-wrapper\"><p>[vc_section el_class=&#8221;entrenco-header-section&#8221; el_id=&#8221;entrenco-header-section&#8221; css=&#8221;.vc_custom_1667829307314{padding-top: 90px !important;}&#8221;][vc_row full_width=&#8221;stretch_row&#8221; kd_background_image_position=&#8221;vc_row-bg-position-top&#8221; css=&#8221;.vc_custom_1652961885424{padding-top: 90px !important;padding-bottom: 25px !important;}&#8221; css_mobile=&#8221;.vc_custom_1652961885425{padding-top: 60px !important;}&#8221;][vc_column]<header class=\"kd-section-title col-lg-12 text-left  subtitle-below-title   \" ><h1 class=\"separator_off\" >Contacto<\/h1><h6 class=\"subtitle\" style=\"color: #000000;\">\u00bfEn qu\u00e9 podemos ayudarle?<\/h6><\/header>[\/vc_column][\/vc_row][vc_row equal_height=&#8221;yes&#8221; kd_background_image_position=&#8221;vc_row-bg-position-top&#8221;][vc_column width=&#8221;1\/2&#8243;]<div class=\"cb-container  content-left  disable-box-shadow\" ><div class=\"cb-wrapper\" style=\"background-color: #fff;\"><div class=\"cb-img-area\"><i class=\"fas fa-toolbox\" style=\" \"><\/i> <\/div><div class=\"cb-text-area\"><h4 class=\"cb-heading\" >Estoy interesado en una planta de cogeneraci\u00f3n de biomasa<\/h4><p >Facil\u00edtenos informaci\u00f3n sobre su empresa y sus necesidades de calor y electricidad. Con la informaci\u00f3n, podemos darle una evaluaci\u00f3n inicial para su concepto de cogeneraci\u00f3n.<\/p><a class=\"cb-simple-link\" href=\"https:\/\/we-bioenergy.com\/es\/contacto\/interes\/\" target=\"_self\" >Consulte ahora<\/a><\/div><\/div><\/div>[\/vc_column][vc_column width=&#8221;1\/2&#8243;]<div class=\"cb-container  content-left  disable-box-shadow\" ><div class=\"cb-wrapper\" style=\"background-color: #fff;\"><div class=\"cb-img-area\"><i class=\"fas fa-headset\" style=\" \"><\/i> <\/div><div class=\"cb-text-area\"><h4 class=\"cb-heading\" >Deseo una primera consulta personal<\/h4><p >\u00bfA\u00fan tiene preguntas sobre nuestros productos o prestaciones?<br \/>\nOfrecemos a los interesados una primera consulta gratuita de 15 minutos.<\/p><a class=\"cb-simple-link\" href=\"https:\/\/we-bioenergy.com\/es\/contacto\/asesoramiento\/\" target=\"_self\" >Reservar un asesoramiento personal<\/a><\/div><\/div><\/div>[\/vc_column][\/vc_row][vc_row equal_height=&#8221;yes&#8221; disable_element=&#8221;yes&#8221; kd_background_image_position=&#8221;vc_row-bg-position-top&#8221;][vc_column width=&#8221;1\/3&#8243;]<div class=\"cb-container  content-left  disable-box-shadow\" ><div class=\"cb-wrapper\" style=\"background-color: #fff;\"><div class=\"cb-img-area\"><i class=\"fas fa-toolbox\" style=\" \"><\/i> <\/div><div class=\"cb-text-area\"><h4 class=\"cb-heading\" >Ich habe Interesse an einem Biomasse-Blockheizkraftwerk<\/h4><p >Geben Sie uns ein paar Informationen zu Ihrem Unternehmen und Ihrem W\u00e4rme- und Strombedarf. Mit den Informationen k\u00f6nnen wir Ihnen eine erste Einsch\u00e4tzung f\u00fcr Ihr BHKW-Konzept geben.<\/p><a class=\"cb-simple-link\" href=\"\/kontakt\/interesse\/\" target=\"_self\" >Jetzt anfragen<\/a><\/div><\/div><\/div>[\/vc_column][vc_column width=&#8221;1\/3&#8243;]<div class=\"cb-container  content-left  disable-box-shadow\" ><div class=\"cb-wrapper\" style=\"background-color: #fff;\"><div class=\"cb-img-area\"><i class=\"fas fa-headset\" style=\" \"><\/i> <\/div><div class=\"cb-text-area\"><h4 class=\"cb-heading\" >Ich m\u00f6chte eine pers\u00f6nliche Erstberatung<\/h4><p >Haben Sie noch Fragen zu unseren Produkten oder Vorteilen?<br \/>\nWir bieten Interessenten eine gratis Erstberatung von 15 Minuten an.<\/p><a class=\"cb-simple-link\" href=\"\/kontakt\/beratung\/\" target=\"_self\" >Beratung vereinbaren<\/a><\/div><\/div><\/div>[\/vc_column][vc_column width=&#8221;1\/3&#8243;]<div class=\"cb-container  content-left  disable-box-shadow\" ><div class=\"cb-wrapper\" style=\"background-color: #fff;\"><div class=\"cb-img-area\"><i class=\"fas fa-file-download\" style=\" \"><\/i> <\/div><div class=\"cb-text-area\"><h4 class=\"cb-heading\" >Ich m\u00f6chte eine Brosch\u00fcre von Entrenco erhalten<\/h4><p >Laden Sie sich die Unternehmensbrosch\u00fcre von Entrenco herunter. Darin finden Sie weitere Details zu unseren Produkten, Services und dar\u00fcber, warum wir der richtige Partner f\u00fcr Ihr Unternehmen sind.<\/p><a class=\"cb-simple-link\" href=\"\/kontakt\/download\/\" target=\"_self\" style=\"color: #4aa958;\">Jetzt herunterladen<\/a><\/div><\/div><\/div>[\/vc_column][\/vc_row][\/vc_section]<\/p>\n<\/div>","protected":false},"excerpt":{"rendered":"<p>[vc_section el_class=&#8221;entrenco-header-section&#8221; el_id=&#8221;entrenco-header-section&#8221; css=&#8221;.vc_custom_1667829307314{padding-top: 90px !important;}&#8221;][vc_row full_width=&#8221;stretch_row&#8221; kd_background_image_position=&#8221;vc_row-bg-position-top&#8221; css=&#8221;.vc_custom_1652961885424{padding-top: 90px !important;padding-bottom: 25px !important;}&#8221; css_mobile=&#8221;.vc_custom_1652961885425{padding-top: 60px !important;}&#8221;][vc_column][\/vc_column][\/vc_row][vc_row equal_height=&#8221;yes&#8221; kd_background_image_position=&#8221;vc_row-bg-position-top&#8221;][vc_column width=&#8221;1\/2&#8243;][\/vc_column][vc_column width=&#8221;1\/2&#8243;][\/vc_column][\/vc_row][vc_row [&hellip;]<\/p>\n","protected":false},"author":1,"featured_media":0,"parent":0,"menu_order":0,"comment_status":"closed","ping_status":"closed","template":"","meta":{"footnotes":""},"class_list":["post-7378","page","type-page","status-publish","hentry"],"yoast_head":"<!-- This site is optimized with the Yoast SEO plugin v26.9 - https:\/\/yoast.com\/product\/yoast-seo-wordpress\/ -->\n<title>P\u00f3ngase en contacto con nosotros para una primera consulta - WE<\/title>\n<meta name=\"description\" content=\"P\u00f3ngase en contacto con nosotros para una primera consulta. Ofrecemos sistemas de cogeneraci\u00f3n personalizados y llave en mano que se adaptan a sus necesidades.\" \/>\n<meta name=\"robots\" content=\"index, follow, max-snippet:-1, max-image-preview:large, max-video-preview:-1\" \/>\n<link rel=\"canonical\" href=\"https:\/\/we-bioenergy.com\/es\/contacto\/\" \/>\n<meta property=\"og:locale\" content=\"es_ES\" \/>\n<meta property=\"og:type\" content=\"article\" \/>\n<meta property=\"og:title\" content=\"P\u00f3ngase en contacto con nosotros para una primera consulta - WE\" \/>\n<meta property=\"og:description\" content=\"P\u00f3ngase en contacto con nosotros para una primera consulta. Ofrecemos sistemas de cogeneraci\u00f3n personalizados y llave en mano que se adaptan a sus necesidades.\" \/>\n<meta property=\"og:url\" content=\"https:\/\/we-bioenergy.com\/es\/contacto\/\" \/>\n<meta property=\"og:site_name\" content=\"WE\" \/>\n<meta property=\"article:modified_time\" content=\"2023-09-25T08:45:03+00:00\" \/>\n<meta name=\"twitter:card\" content=\"summary_large_image\" \/>\n<meta name=\"twitter:label1\" content=\"Tiempo de lectura\" \/>\n\t<meta name=\"twitter:data1\" content=\"2 minutos\" \/>\n<script type=\"application\/ld+json\" class=\"yoast-schema-graph\">{\"@context\":\"https:\/\/schema.org\",\"@graph\":[{\"@type\":\"WebPage\",\"@id\":\"https:\/\/we-bioenergy.com\/es\/contacto\/\",\"url\":\"https:\/\/we-bioenergy.com\/es\/contacto\/\",\"name\":\"P\u00f3ngase en contacto con nosotros para una primera consulta - WE\",\"isPartOf\":{\"@id\":\"https:\/\/we-bioenergy.com\/#website\"},\"datePublished\":\"2022-04-21T09:22:51+00:00\",\"dateModified\":\"2023-09-25T08:45:03+00:00\",\"description\":\"P\u00f3ngase en contacto con nosotros para una primera consulta. Ofrecemos sistemas de cogeneraci\u00f3n personalizados y llave en mano que se adaptan a sus necesidades.\",\"breadcrumb\":{\"@id\":\"https:\/\/we-bioenergy.com\/es\/contacto\/#breadcrumb\"},\"inLanguage\":\"es\",\"potentialAction\":[{\"@type\":\"ReadAction\",\"target\":[\"https:\/\/we-bioenergy.com\/es\/contacto\/\"]}]},{\"@type\":\"BreadcrumbList\",\"@id\":\"https:\/\/we-bioenergy.com\/es\/contacto\/#breadcrumb\",\"itemListElement\":[{\"@type\":\"ListItem\",\"position\":1,\"name\":\"Home\",\"item\":\"https:\/\/we-bioenergy.com\/es\/\"},{\"@type\":\"ListItem\",\"position\":2,\"name\":\"Contacto\"}]},{\"@type\":\"WebSite\",\"@id\":\"https:\/\/we-bioenergy.com\/#website\",\"url\":\"https:\/\/we-bioenergy.com\/\",\"name\":\"WE\",\"description\":\"Energy Trend Concepts\",\"publisher\":{\"@id\":\"https:\/\/we-bioenergy.com\/#organization\"},\"potentialAction\":[{\"@type\":\"SearchAction\",\"target\":{\"@type\":\"EntryPoint\",\"urlTemplate\":\"https:\/\/we-bioenergy.com\/?s={search_term_string}\"},\"query-input\":{\"@type\":\"PropertyValueSpecification\",\"valueRequired\":true,\"valueName\":\"search_term_string\"}}],\"inLanguage\":\"es\"},{\"@type\":\"Organization\",\"@id\":\"https:\/\/we-bioenergy.com\/#organization\",\"name\":\"ENTRENCO\",\"url\":\"https:\/\/we-bioenergy.com\/\",\"logo\":{\"@type\":\"ImageObject\",\"inLanguage\":\"es\",\"@id\":\"https:\/\/we-bioenergy.com\/#\/schema\/logo\/image\/\",\"url\":\"https:\/\/we-bioenergy.com\/wp-content\/uploads\/2022\/06\/Entrenco-Logo.png\",\"contentUrl\":\"https:\/\/we-bioenergy.com\/wp-content\/uploads\/2022\/06\/Entrenco-Logo.png\",\"width\":1021,\"height\":198,\"caption\":\"ENTRENCO\"},\"image\":{\"@id\":\"https:\/\/we-bioenergy.com\/#\/schema\/logo\/image\/\"}}]}<\/script>\n<!-- \/ Yoast SEO plugin. -->","yoast_head_json":{"title":"P\u00f3ngase en contacto con nosotros para una primera consulta - WE","description":"P\u00f3ngase en contacto con nosotros para una primera consulta. Ofrecemos sistemas de cogeneraci\u00f3n personalizados y llave en mano que se adaptan a sus necesidades.","robots":{"index":"index","follow":"follow","max-snippet":"max-snippet:-1","max-image-preview":"max-image-preview:large","max-video-preview":"max-video-preview:-1"},"canonical":"https:\/\/we-bioenergy.com\/es\/contacto\/","og_locale":"es_ES","og_type":"article","og_title":"P\u00f3ngase en contacto con nosotros para una primera consulta - WE","og_description":"P\u00f3ngase en contacto con nosotros para una primera consulta. Ofrecemos sistemas de cogeneraci\u00f3n personalizados y llave en mano que se adaptan a sus necesidades.","og_url":"https:\/\/we-bioenergy.com\/es\/contacto\/","og_site_name":"WE","article_modified_time":"2023-09-25T08:45:03+00:00","twitter_card":"summary_large_image","twitter_misc":{"Tiempo de lectura":"2 minutos"},"schema":{"@context":"https:\/\/schema.org","@graph":[{"@type":"WebPage","@id":"https:\/\/we-bioenergy.com\/es\/contacto\/","url":"https:\/\/we-bioenergy.com\/es\/contacto\/","name":"P\u00f3ngase en contacto con nosotros para una primera consulta - WE","isPartOf":{"@id":"https:\/\/we-bioenergy.com\/#website"},"datePublished":"2022-04-21T09:22:51+00:00","dateModified":"2023-09-25T08:45:03+00:00","description":"P\u00f3ngase en contacto con nosotros para una primera consulta. Ofrecemos sistemas de cogeneraci\u00f3n personalizados y llave en mano que se adaptan a sus necesidades.","breadcrumb":{"@id":"https:\/\/we-bioenergy.com\/es\/contacto\/#breadcrumb"},"inLanguage":"es","potentialAction":[{"@type":"ReadAction","target":["https:\/\/we-bioenergy.com\/es\/contacto\/"]}]},{"@type":"BreadcrumbList","@id":"https:\/\/we-bioenergy.com\/es\/contacto\/#breadcrumb","itemListElement":[{"@type":"ListItem","position":1,"name":"Home","item":"https:\/\/we-bioenergy.com\/es\/"},{"@type":"ListItem","position":2,"name":"Contacto"}]},{"@type":"WebSite","@id":"https:\/\/we-bioenergy.com\/#website","url":"https:\/\/we-bioenergy.com\/","name":"WE","description":"Energy Trend Concepts","publisher":{"@id":"https:\/\/we-bioenergy.com\/#organization"},"potentialAction":[{"@type":"SearchAction","target":{"@type":"EntryPoint","urlTemplate":"https:\/\/we-bioenergy.com\/?s={search_term_string}"},"query-input":{"@type":"PropertyValueSpecification","valueRequired":true,"valueName":"search_term_string"}}],"inLanguage":"es"},{"@type":"Organization","@id":"https:\/\/we-bioenergy.com\/#organization","name":"ENTRENCO","url":"https:\/\/we-bioenergy.com\/","logo":{"@type":"ImageObject","inLanguage":"es","@id":"https:\/\/we-bioenergy.com\/#\/schema\/logo\/image\/","url":"https:\/\/we-bioenergy.com\/wp-content\/uploads\/2022\/06\/Entrenco-Logo.png","contentUrl":"https:\/\/we-bioenergy.com\/wp-content\/uploads\/2022\/06\/Entrenco-Logo.png","width":1021,"height":198,"caption":"ENTRENCO"},"image":{"@id":"https:\/\/we-bioenergy.com\/#\/schema\/logo\/image\/"}}]}},"_links":{"self":[{"href":"https:\/\/we-bioenergy.com\/es\/wp-json\/wp\/v2\/pages\/7378","targetHints":{"allow":["GET"]}}],"collection":[{"href":"https:\/\/we-bioenergy.com\/es\/wp-json\/wp\/v2\/pages"}],"about":[{"href":"https:\/\/we-bioenergy.com\/es\/wp-json\/wp\/v2\/types\/page"}],"author":[{"embeddable":true,"href":"https:\/\/we-bioenergy.com\/es\/wp-json\/wp\/v2\/users\/1"}],"replies":[{"embeddable":true,"href":"https:\/\/we-bioenergy.com\/es\/wp-json\/wp\/v2\/comments?post=7378"}],"version-history":[{"count":5,"href":"https:\/\/we-bioenergy.com\/es\/wp-json\/wp\/v2\/pages\/7378\/revisions"}],"predecessor-version":[{"id":7389,"href":"https:\/\/we-bioenergy.com\/es\/wp-json\/wp\/v2\/pages\/7378\/revisions\/7389"}],"wp:attachment":[{"href":"https:\/\/we-bioenergy.com\/es\/wp-json\/wp\/v2\/media?parent=7378"}],"curies":[{"name":"wp","href":"https:\/\/api.w.org\/{rel}","templated":true}]}}