{"id":1924,"date":"2022-04-21T09:22:51","date_gmt":"2022-04-21T09:22:51","guid":{"rendered":"https:\/\/we-bioenergy.com\/kontakt\/"},"modified":"2023-04-20T17:23:02","modified_gmt":"2023-04-20T17:23:02","slug":"contact","status":"publish","type":"page","link":"https:\/\/we-bioenergy.com\/en\/contact\/","title":{"rendered":"Contact"},"content":{"rendered":"<div class=\"wpb-content-wrapper\"><p>[vc_section el_class=&#8221;entrenco-header-section&#8221; el_id=&#8221;entrenco-header-section&#8221;][vc_row full_width=&#8221;stretch_row&#8221; kd_background_image_position=&#8221;vc_row-bg-position-top&#8221; css=&#8221;.vc_custom_1652961885424{padding-top: 90px !important;padding-bottom: 25px !important;}&#8221; css_mobile=&#8221;.vc_custom_1652961885425{padding-top: 60px !important;}&#8221;][vc_column]<header class=\"kd-section-title col-lg-12 text-left  subtitle-below-title   \" ><h1 class=\"separator_off\" >Contact<\/h1><h6 class=\"subtitle\" style=\"color: #000000;\">How can we help you?<\/h6><\/header>[\/vc_column][\/vc_row][vc_row equal_height=&#8221;yes&#8221; kd_background_image_position=&#8221;vc_row-bg-position-top&#8221;][vc_column width=&#8221;1\/2&#8243;]<div class=\"cb-container  content-left  disable-box-shadow\" ><div class=\"cb-wrapper\" style=\"background-color: #fff;\"><div class=\"cb-img-area\"><i class=\"fas fa-toolbox\" style=\" \"><\/i> <\/div><div class=\"cb-text-area\"><h4 class=\"cb-heading\" >I am interested in a Biomass CHP unit<\/h4><p >Give us some information about your company and your heat and power requirements. With the information we can give you a first estimation for your CHP concept.<\/p><a class=\"cb-simple-link\" href=\"https:\/\/we-bioenergy.com\/en\/contact\/interest\/\" target=\"_self\" >Inquire now<\/a><\/div><\/div><\/div>[\/vc_column][vc_column width=&#8221;1\/2&#8243;]<div class=\"cb-container  content-left  disable-box-shadow\" ><div class=\"cb-wrapper\" style=\"background-color: #fff;\"><div class=\"cb-img-area\"><i class=\"fas fa-headset\" style=\" \"><\/i> <\/div><div class=\"cb-text-area\"><h4 class=\"cb-heading\" >I would like a personal first consultation<\/h4><p >Do you have any questions about our products or benefits?<br \/>\nWe offer interested persons a free initial consultation of 15 minutes.<\/p><a class=\"cb-simple-link\" href=\"https:\/\/we-bioenergy.com\/en\/contact\/consultation\/\" target=\"_self\" >Schedule a consultation<\/a><\/div><\/div><\/div>[\/vc_column][\/vc_row][vc_row equal_height=&#8221;yes&#8221; disable_element=&#8221;yes&#8221; kd_background_image_position=&#8221;vc_row-bg-position-top&#8221;][vc_column width=&#8221;1\/3&#8243;]<div class=\"cb-container  content-left  disable-box-shadow\" ><div class=\"cb-wrapper\" style=\"background-color: #fff;\"><div class=\"cb-img-area\"><i class=\"fas fa-toolbox\" style=\" \"><\/i> <\/div><div class=\"cb-text-area\"><h4 class=\"cb-heading\" >Ich habe Interesse an einem Biomasse-Blockheizkraftwerk<\/h4><p >Geben Sie uns ein paar Informationen zu Ihrem Unternehmen und Ihrem W\u00e4rme- und Strombedarf. Mit den Informationen k\u00f6nnen wir Ihnen eine erste Einsch\u00e4tzung f\u00fcr Ihr BHKW-Konzept geben.<\/p><a class=\"cb-simple-link\" href=\"\/kontakt\/interesse\/\" target=\"_self\" >Jetzt anfragen<\/a><\/div><\/div><\/div>[\/vc_column][vc_column width=&#8221;1\/3&#8243;]<div class=\"cb-container  content-left  disable-box-shadow\" ><div class=\"cb-wrapper\" style=\"background-color: #fff;\"><div class=\"cb-img-area\"><i class=\"fas fa-headset\" style=\" \"><\/i> <\/div><div class=\"cb-text-area\"><h4 class=\"cb-heading\" >Ich m\u00f6chte eine pers\u00f6nliche Erstberatung<\/h4><p >Haben Sie noch Fragen zu unseren Produkten oder Vorteilen?<br \/>\nWir bieten Interessenten eine gratis Erstberatung von 15 Minuten an.<\/p><a class=\"cb-simple-link\" href=\"\/kontakt\/beratung\/\" target=\"_self\" >Beratung vereinbaren<\/a><\/div><\/div><\/div>[\/vc_column][vc_column width=&#8221;1\/3&#8243;]<div class=\"cb-container  content-left  disable-box-shadow\" ><div class=\"cb-wrapper\" style=\"background-color: #fff;\"><div class=\"cb-img-area\"><i class=\"fas fa-file-download\" style=\" \"><\/i> <\/div><div class=\"cb-text-area\"><h4 class=\"cb-heading\" >Ich m\u00f6chte eine Brosch\u00fcre von Entrenco erhalten<\/h4><p >Laden Sie sich die Unternehmensbrosch\u00fcre von Entrenco herunter. Darin finden Sie weitere Details zu unseren Produkten, Services und dar\u00fcber, warum wir der richtige Partner f\u00fcr Ihr Unternehmen sind.<\/p><a class=\"cb-simple-link\" href=\"\/kontakt\/download\/\" target=\"_self\" style=\"color: #4aa958;\">Jetzt herunterladen<\/a><\/div><\/div><\/div>[\/vc_column][\/vc_row][\/vc_section]<\/p>\n<\/div>","protected":false},"excerpt":{"rendered":"<p>[vc_section el_class=&#8221;entrenco-header-section&#8221; el_id=&#8221;entrenco-header-section&#8221;][vc_row full_width=&#8221;stretch_row&#8221; kd_background_image_position=&#8221;vc_row-bg-position-top&#8221; css=&#8221;.vc_custom_1652961885424{padding-top: 90px !important;padding-bottom: 25px !important;}&#8221; css_mobile=&#8221;.vc_custom_1652961885425{padding-top: 60px !important;}&#8221;][vc_column][\/vc_column][\/vc_row][vc_row equal_height=&#8221;yes&#8221; kd_background_image_position=&#8221;vc_row-bg-position-top&#8221;][vc_column width=&#8221;1\/2&#8243;][\/vc_column][vc_column width=&#8221;1\/2&#8243;][\/vc_column][\/vc_row][vc_row equal_height=&#8221;yes&#8221; disable_element=&#8221;yes&#8221; kd_background_image_position=&#8221;vc_row-bg-position-top&#8221;][vc_column [&hellip;]<\/p>\n","protected":false},"author":1,"featured_media":0,"parent":0,"menu_order":0,"comment_status":"closed","ping_status":"closed","template":"","meta":{"footnotes":""},"class_list":["post-1924","page","type-page","status-publish","hentry"],"yoast_head":"<!-- This site is optimized with the Yoast SEO plugin v26.9 - https:\/\/yoast.com\/product\/yoast-seo-wordpress\/ -->\n<title>Contact us now for an initial consultation - WE<\/title>\n<meta name=\"description\" content=\"Feel free to contact us for an initial consultation. We offer customized and turnkey CHP plants that fit your needs.\" \/>\n<meta name=\"robots\" content=\"index, follow, max-snippet:-1, max-image-preview:large, max-video-preview:-1\" \/>\n<link rel=\"canonical\" href=\"https:\/\/we-bioenergy.com\/en\/contact\/\" \/>\n<meta property=\"og:locale\" content=\"en_US\" \/>\n<meta property=\"og:type\" content=\"article\" \/>\n<meta property=\"og:title\" content=\"Contact us now for an initial consultation - WE\" \/>\n<meta property=\"og:description\" content=\"Feel free to contact us for an initial consultation. We offer customized and turnkey CHP plants that fit your needs.\" \/>\n<meta property=\"og:url\" content=\"https:\/\/we-bioenergy.com\/en\/contact\/\" \/>\n<meta property=\"og:site_name\" content=\"WE\" \/>\n<meta property=\"article:modified_time\" content=\"2023-04-20T17:23:02+00:00\" \/>\n<meta name=\"twitter:card\" content=\"summary_large_image\" \/>\n<meta name=\"twitter:label1\" content=\"Est. reading time\" \/>\n\t<meta name=\"twitter:data1\" content=\"2 minutes\" \/>\n<script type=\"application\/ld+json\" class=\"yoast-schema-graph\">{\"@context\":\"https:\/\/schema.org\",\"@graph\":[{\"@type\":\"WebPage\",\"@id\":\"https:\/\/we-bioenergy.com\/en\/contact\/\",\"url\":\"https:\/\/we-bioenergy.com\/en\/contact\/\",\"name\":\"Contact us now for an initial consultation - WE\",\"isPartOf\":{\"@id\":\"https:\/\/we-bioenergy.com\/#website\"},\"datePublished\":\"2022-04-21T09:22:51+00:00\",\"dateModified\":\"2023-04-20T17:23:02+00:00\",\"description\":\"Feel free to contact us for an initial consultation. We offer customized and turnkey CHP plants that fit your needs.\",\"breadcrumb\":{\"@id\":\"https:\/\/we-bioenergy.com\/en\/contact\/#breadcrumb\"},\"inLanguage\":\"en-US\",\"potentialAction\":[{\"@type\":\"ReadAction\",\"target\":[\"https:\/\/we-bioenergy.com\/en\/contact\/\"]}]},{\"@type\":\"BreadcrumbList\",\"@id\":\"https:\/\/we-bioenergy.com\/en\/contact\/#breadcrumb\",\"itemListElement\":[{\"@type\":\"ListItem\",\"position\":1,\"name\":\"Home\",\"item\":\"https:\/\/we-bioenergy.com\/en\/\"},{\"@type\":\"ListItem\",\"position\":2,\"name\":\"Contact\"}]},{\"@type\":\"WebSite\",\"@id\":\"https:\/\/we-bioenergy.com\/#website\",\"url\":\"https:\/\/we-bioenergy.com\/\",\"name\":\"WE\",\"description\":\"Energy Trend Concepts\",\"publisher\":{\"@id\":\"https:\/\/we-bioenergy.com\/#organization\"},\"potentialAction\":[{\"@type\":\"SearchAction\",\"target\":{\"@type\":\"EntryPoint\",\"urlTemplate\":\"https:\/\/we-bioenergy.com\/?s={search_term_string}\"},\"query-input\":{\"@type\":\"PropertyValueSpecification\",\"valueRequired\":true,\"valueName\":\"search_term_string\"}}],\"inLanguage\":\"en-US\"},{\"@type\":\"Organization\",\"@id\":\"https:\/\/we-bioenergy.com\/#organization\",\"name\":\"ENTRENCO\",\"url\":\"https:\/\/we-bioenergy.com\/\",\"logo\":{\"@type\":\"ImageObject\",\"inLanguage\":\"en-US\",\"@id\":\"https:\/\/we-bioenergy.com\/#\/schema\/logo\/image\/\",\"url\":\"https:\/\/we-bioenergy.com\/wp-content\/uploads\/2022\/06\/Entrenco-Logo.png\",\"contentUrl\":\"https:\/\/we-bioenergy.com\/wp-content\/uploads\/2022\/06\/Entrenco-Logo.png\",\"width\":1021,\"height\":198,\"caption\":\"ENTRENCO\"},\"image\":{\"@id\":\"https:\/\/we-bioenergy.com\/#\/schema\/logo\/image\/\"}}]}<\/script>\n<!-- \/ Yoast SEO plugin. -->","yoast_head_json":{"title":"Contact us now for an initial consultation - WE","description":"Feel free to contact us for an initial consultation. We offer customized and turnkey CHP plants that fit your needs.","robots":{"index":"index","follow":"follow","max-snippet":"max-snippet:-1","max-image-preview":"max-image-preview:large","max-video-preview":"max-video-preview:-1"},"canonical":"https:\/\/we-bioenergy.com\/en\/contact\/","og_locale":"en_US","og_type":"article","og_title":"Contact us now for an initial consultation - WE","og_description":"Feel free to contact us for an initial consultation. We offer customized and turnkey CHP plants that fit your needs.","og_url":"https:\/\/we-bioenergy.com\/en\/contact\/","og_site_name":"WE","article_modified_time":"2023-04-20T17:23:02+00:00","twitter_card":"summary_large_image","twitter_misc":{"Est. reading time":"2 minutes"},"schema":{"@context":"https:\/\/schema.org","@graph":[{"@type":"WebPage","@id":"https:\/\/we-bioenergy.com\/en\/contact\/","url":"https:\/\/we-bioenergy.com\/en\/contact\/","name":"Contact us now for an initial consultation - WE","isPartOf":{"@id":"https:\/\/we-bioenergy.com\/#website"},"datePublished":"2022-04-21T09:22:51+00:00","dateModified":"2023-04-20T17:23:02+00:00","description":"Feel free to contact us for an initial consultation. We offer customized and turnkey CHP plants that fit your needs.","breadcrumb":{"@id":"https:\/\/we-bioenergy.com\/en\/contact\/#breadcrumb"},"inLanguage":"en-US","potentialAction":[{"@type":"ReadAction","target":["https:\/\/we-bioenergy.com\/en\/contact\/"]}]},{"@type":"BreadcrumbList","@id":"https:\/\/we-bioenergy.com\/en\/contact\/#breadcrumb","itemListElement":[{"@type":"ListItem","position":1,"name":"Home","item":"https:\/\/we-bioenergy.com\/en\/"},{"@type":"ListItem","position":2,"name":"Contact"}]},{"@type":"WebSite","@id":"https:\/\/we-bioenergy.com\/#website","url":"https:\/\/we-bioenergy.com\/","name":"WE","description":"Energy Trend Concepts","publisher":{"@id":"https:\/\/we-bioenergy.com\/#organization"},"potentialAction":[{"@type":"SearchAction","target":{"@type":"EntryPoint","urlTemplate":"https:\/\/we-bioenergy.com\/?s={search_term_string}"},"query-input":{"@type":"PropertyValueSpecification","valueRequired":true,"valueName":"search_term_string"}}],"inLanguage":"en-US"},{"@type":"Organization","@id":"https:\/\/we-bioenergy.com\/#organization","name":"ENTRENCO","url":"https:\/\/we-bioenergy.com\/","logo":{"@type":"ImageObject","inLanguage":"en-US","@id":"https:\/\/we-bioenergy.com\/#\/schema\/logo\/image\/","url":"https:\/\/we-bioenergy.com\/wp-content\/uploads\/2022\/06\/Entrenco-Logo.png","contentUrl":"https:\/\/we-bioenergy.com\/wp-content\/uploads\/2022\/06\/Entrenco-Logo.png","width":1021,"height":198,"caption":"ENTRENCO"},"image":{"@id":"https:\/\/we-bioenergy.com\/#\/schema\/logo\/image\/"}}]}},"_links":{"self":[{"href":"https:\/\/we-bioenergy.com\/en\/wp-json\/wp\/v2\/pages\/1924","targetHints":{"allow":["GET"]}}],"collection":[{"href":"https:\/\/we-bioenergy.com\/en\/wp-json\/wp\/v2\/pages"}],"about":[{"href":"https:\/\/we-bioenergy.com\/en\/wp-json\/wp\/v2\/types\/page"}],"author":[{"embeddable":true,"href":"https:\/\/we-bioenergy.com\/en\/wp-json\/wp\/v2\/users\/1"}],"replies":[{"embeddable":true,"href":"https:\/\/we-bioenergy.com\/en\/wp-json\/wp\/v2\/comments?post=1924"}],"version-history":[{"count":6,"href":"https:\/\/we-bioenergy.com\/en\/wp-json\/wp\/v2\/pages\/1924\/revisions"}],"predecessor-version":[{"id":3837,"href":"https:\/\/we-bioenergy.com\/en\/wp-json\/wp\/v2\/pages\/1924\/revisions\/3837"}],"wp:attachment":[{"href":"https:\/\/we-bioenergy.com\/en\/wp-json\/wp\/v2\/media?parent=1924"}],"curies":[{"name":"wp","href":"https:\/\/api.w.org\/{rel}","templated":true}]}}